{"id":99,"date":"2024-07-15T09:40:06","date_gmt":"2024-07-15T09:40:06","guid":{"rendered":"https:\/\/nostalgic-elion.185-178-193-234.plesk.page\/?page_id=99"},"modified":"2024-12-16T08:37:25","modified_gmt":"2024-12-16T08:37:25","slug":"tunnelbau","status":"publish","type":"page","link":"https:\/\/nostalgic-elion.185-178-193-234.plesk.page\/index.php\/tunnelbau\/","title":{"rendered":"Tunnelbau"},"content":{"rendered":"<div class=\"wpb-content-wrapper\"><p>[vc_row gap=&#8220;15&#8243; parallax_content=&#8220;parallax_content_value&#8220; ult_hide_row=&#8220;ult_hide_row_value&#8220; ult_hide_row_tablet=&#8220;tablet&#8220; ult_hide_row_tablet_small=&#8220;xs_tablet&#8220; ult_hide_row_mobile=&#8220;mobile&#8220; ult_hide_row_mobile_large=&#8220;xl_mobile&#8220; css=&#8220;.vc_custom_1721031783472{margin-top: 0px !important;border-top-width: 0px !important;padding-top: 0px !important;}&#8220;][vc_column offset=&#8220;vc_hidden-sm vc_hidden-xs&#8220;][vc_column_text css=&#8220;&#8220;]<\/p>\n<h1><strong>Mit durchdachtem Tunnelbau Welten vernetzen<\/strong><\/h1>\n<p><strong>Seit Jahrzehnten sind wir einer der f\u00fchrenden Anbieter im Stahl-Tunnelbau \u2013 und das schweizweit. Mit unserem bew\u00e4hrten Konzept, der professionellen Beratung durch unsere Spezialisten und einer ausf\u00fchrlichen, detailgetreuen Planung erleichtern wir Ihnen die Arbeit.<\/strong><\/p>\n<p>Dank unserem stetigen Innovationstrieb k\u00f6nnen J\u00f6rimann-Kunden auf ein patentiertes Schalungssystem vertrauen, welches eine Vielzahl an interessanten und kostensparenden L\u00f6sungen anbietet. Durch unsere stetige Investition in die Weiterentwicklung des Tunnelbau-Konzepts, bieten wir Tunnelsysteme, die funktionieren und ein exzellentes Preis-Leistungs-Verh\u00e4ltnis bieten.<\/p>\n<p>Zu unserem Sortiment geh\u00f6ren diverse Stahl-Einbausysteme als auch effiziente Schalungen.[\/vc_column_text][\/vc_column][\/vc_row][vc_row gap=&#8220;15&#8243; parallax_content=&#8220;parallax_content_value&#8220; ult_hide_row=&#8220;ult_hide_row_value&#8220; ult_hide_row_tablet=&#8220;tablet&#8220; ult_hide_row_tablet_small=&#8220;xs_tablet&#8220; ult_hide_row_mobile=&#8220;mobile&#8220; ult_hide_row_mobile_large=&#8220;xl_mobile&#8220; css=&#8220;.vc_custom_1721031783472{margin-top: 0px !important;border-top-width: 0px !important;padding-top: 0px !important;}&#8220;][vc_column offset=&#8220;vc_hidden-lg vc_hidden-md&#8220;][vc_column_text css=&#8220;&#8220;]<\/p>\n<h1><strong>Mit durchdachtem Tunnelbau Welten vernetzen<\/strong><\/h1>\n<p><strong>Seit Jahrzehnten sind wir einer der f\u00fchrenden Anbieter im Stahl-Tunnelbau \u2013 und das schweizweit. Mit unserem bew\u00e4hrten Konzept, der professionellen Beratung durch unsere Spezialisten und einer ausf\u00fchrlichen, detailgetreuen Planung erleichtern wir Ihnen die Arbeit.<\/strong><\/p>\n<p>Dank unserem stetigen Innovationstrieb k\u00f6nnen J\u00f6rimann-Kunden auf ein patentiertes Schalungssystem vertrauen, welches eine Vielzahl an interessanten und kostensparenden L\u00f6sungen anbietet. Durch unsere stetige Investition in die Weiterentwicklung des Tunnelbau-Konzepts, bieten wir Tunnelsysteme, die funktionieren und ein exzellentes Preis-Leistungs-Verh\u00e4ltnis bieten.<\/p>\n<p>Zu unserem Sortiment geh\u00f6ren diverse Stahl-Einbausysteme als auch effiziente Schalungen.[\/vc_column_text][\/vc_column][\/vc_row][vc_row gap=&#8220;15&#8243; content_placement=&#8220;middle&#8220; css=&#8220;.vc_custom_1718961861885{margin-top: 0px !important;margin-bottom: 0px !important;border-top-width: 0px !important;border-bottom-width: 0px !important;padding-top: 0px !important;padding-bottom: 20px !important;}&#8220;][vc_column][vc_row_inner][vc_column_inner width=&#8220;1\/3&#8243;][vc_column_text css=&#8220;.vc_custom_1721031948957{margin-bottom: 0px !important;border-bottom-width: 0px !important;padding-bottom: 0px !important;}&#8220;]<\/p>\n<h2>Schwerpunkte<\/h2>\n<p>[\/vc_column_text][vc_separator color=&#8220;custom&#8220; align=&#8220;align_left&#8220; border_width=&#8220;3&#8243; el_width=&#8220;90&#8243; css=&#8220;.vc_custom_1721032395391{margin-bottom: 0px !important;padding-bottom: 0px !important;}&#8220; accent_color=&#8220;#006b99&#8243;][\/vc_column_inner][vc_column_inner width=&#8220;1\/3&#8243;][\/vc_column_inner][vc_column_inner width=&#8220;1\/3&#8243;][\/vc_column_inner][\/vc_row_inner][\/vc_column][\/vc_row][vc_row full_width=&#8220;stretch_row&#8220; content_placement=&#8220;middle&#8220; bg_type=&#8220;bg_color&#8220; bg_color_value=&#8220;#efefef&#8220; css=&#8220;.vc_custom_1721032317669{margin-top: 0px !important;margin-right: 0px !important;margin-bottom: 50px !important;margin-left: 0px !important;border-top-width: 0px !important;border-right-width: 0px !important;border-bottom-width: 0px !important;border-left-width: 0px !important;padding-top: 0px !important;padding-right: 0px !important;padding-bottom: 0px !important;padding-left: 0px !important;border-radius: 10px !important;}&#8220;][vc_column width=&#8220;1\/2&#8243; css=&#8220;.vc_custom_1733928905437{margin-top: 0px !important;margin-right: 0px !important;margin-bottom: 0px !important;margin-left: 0px !important;border-top-width: 0px !important;border-right-width: 0px !important;border-bottom-width: 0px !important;border-left-width: 0px !important;padding-top: 0px !important;padding-right: 0px !important;padding-bottom: 0px !important;padding-left: 0px !important;}&#8220; offset=&#8220;vc_hidden-sm vc_hidden-xs&#8220;][vc_single_image image=&#8220;727&#8243; img_size=&#8220;full&#8220; css=&#8220;.vc_custom_1734338183646{margin-top: 0px !important;margin-right: 0px !important;margin-bottom: 0px !important;margin-left: 0px !important;border-top-width: 0px !important;border-right-width: 0px !important;border-bottom-width: 0px !important;border-left-width: 0px !important;padding-top: 0px !important;padding-right: 0px !important;padding-bottom: 0px !important;padding-left: 0px !important;}&#8220;][\/vc_column][vc_column width=&#8220;1\/2&#8243; css=&#8220;.vc_custom_1733928897089{margin-top: 0px !important;margin-right: 0px !important;margin-bottom: 0px !important;margin-left: 0px !important;border-top-width: 0px !important;border-right-width: 0px !important;border-bottom-width: 0px !important;border-left-width: 0px !important;padding-top: 0px !important;padding-right: 0px !important;padding-bottom: 0px !important;padding-left: 0px !important;}&#8220; offset=&#8220;vc_hidden-sm vc_hidden-xs&#8220;][vc_column_text css=&#8220;.vc_custom_1721037593624{margin-bottom: 0px !important;border-bottom-width: 0px !important;padding-right: 20px !important;padding-bottom: 8px !important;padding-left: 20px !important;}&#8220;]<\/p>\n<h3>Tunnelschalungen<\/h3>\n<div>\n<div>\n<div>\n<div>\n<div>\n<p>Unser innovatives Tunnelschalungssystem erm\u00f6glicht h\u00f6chste Betoniergeschwindigkeit und sorgt damit daf\u00fcr, die Kosten tief zu halten.<\/p>\n<p><a href=\"https:\/\/nostalgic-elion.185-178-193-234.plesk.page\/index.php\/tunnelschalung\/\">Mehr erfahren<\/a><\/p>\n<\/div>\n<\/div>\n<\/div>\n<\/div>\n<\/div>\n<p>[\/vc_column_text][\/vc_column][\/vc_row][vc_row full_width=&#8220;stretch_row&#8220; content_placement=&#8220;middle&#8220; bg_type=&#8220;bg_color&#8220; bg_color_value=&#8220;#efefef&#8220; css=&#8220;.vc_custom_1721032317669{margin-top: 0px !important;margin-right: 0px !important;margin-bottom: 50px !important;margin-left: 0px !important;border-top-width: 0px !important;border-right-width: 0px !important;border-bottom-width: 0px !important;border-left-width: 0px !important;padding-top: 0px !important;padding-right: 0px !important;padding-bottom: 0px !important;padding-left: 0px !important;border-radius: 10px !important;}&#8220;][vc_column css=&#8220;.vc_custom_1733928914260{margin-top: 0px !important;margin-right: 0px !important;margin-bottom: 0px !important;margin-left: 0px !important;border-top-width: 0px !important;border-right-width: 0px !important;border-bottom-width: 0px !important;border-left-width: 0px !important;padding-top: 0px !important;padding-right: 0px !important;padding-bottom: 0px !important;padding-left: 0px !important;}&#8220; offset=&#8220;vc_hidden-lg vc_hidden-md&#8220;][vc_single_image image=&#8220;727&#8243; img_size=&#8220;full&#8220; css=&#8220;.vc_custom_1734338192883{margin-top: 0px !important;margin-right: 0px !important;margin-bottom: 0px !important;margin-left: 0px !important;border-top-width: 0px !important;border-right-width: 0px !important;border-bottom-width: 0px !important;border-left-width: 0px !important;padding-top: 0px !important;padding-right: 0px !important;padding-bottom: 0px !important;padding-left: 0px !important;}&#8220;][vc_column_text css=&#8220;.vc_custom_1733928941280{margin-bottom: 0px !important;border-bottom-width: 0px !important;padding-top: 20px !important;padding-right: 20px !important;padding-bottom: 20px !important;padding-left: 20px !important;}&#8220;]<\/p>\n<h3>Tunnelschalungen<\/h3>\n<div>\n<div>\n<div>\n<div>\n<div>\n<p>Unser innovatives Tunnelschalungssystem erm\u00f6glicht h\u00f6chste Betoniergeschwindigkeit und sorgt damit daf\u00fcr, die Kosten tief zu halten.<\/p>\n<p><a href=\"https:\/\/nostalgic-elion.185-178-193-234.plesk.page\/index.php\/tunnelschalung\/\">Mehr erfahren<\/a><\/p>\n<\/div>\n<\/div>\n<\/div>\n<\/div>\n<\/div>\n<p>[\/vc_column_text][\/vc_column][\/vc_row][vc_row full_width=&#8220;stretch_row&#8220; content_placement=&#8220;middle&#8220; bg_type=&#8220;bg_color&#8220; bg_color_value=&#8220;#efefef&#8220; css=&#8220;.vc_custom_1721032317669{margin-top: 0px !important;margin-right: 0px !important;margin-bottom: 50px !important;margin-left: 0px !important;border-top-width: 0px !important;border-right-width: 0px !important;border-bottom-width: 0px !important;border-left-width: 0px !important;padding-top: 0px !important;padding-right: 0px !important;padding-bottom: 0px !important;padding-left: 0px !important;border-radius: 10px !important;}&#8220;][vc_column width=&#8220;1\/2&#8243; css=&#8220;.vc_custom_1733928965863{margin-top: 0px !important;margin-right: 0px !important;margin-bottom: 0px !important;margin-left: 0px !important;border-top-width: 0px !important;border-right-width: 0px !important;border-bottom-width: 0px !important;border-left-width: 0px !important;padding-top: 0px !important;padding-right: 0px !important;padding-bottom: 0px !important;padding-left: 0px !important;}&#8220; offset=&#8220;vc_hidden-sm vc_hidden-xs&#8220;][vc_column_text css=&#8220;.vc_custom_1721037882679{margin-bottom: 0px !important;border-bottom-width: 0px !important;padding-right: 20px !important;padding-bottom: 8px !important;padding-left: 20px !important;}&#8220;]<\/p>\n<h3>Stahleinbau<\/h3>\n<div>\n<div>\n<div>\n<div>\n<div>\n<div>\n<p>Unser Tunnelstahleinbau hat sich \u00fcber Jahrzehnte bew\u00e4hrt und bietet unseren Partnern h\u00f6chste Qualit\u00e4t zu fairen Preisen.<\/p>\n<p><a href=\"https:\/\/nostalgic-elion.185-178-193-234.plesk.page\/index.php\/stahleinbau\/\">Mehr erfahren<\/a><\/p>\n<\/div>\n<\/div>\n<\/div>\n<\/div>\n<\/div>\n<\/div>\n<p>[\/vc_column_text][\/vc_column][vc_column width=&#8220;1\/2&#8243; css=&#8220;.vc_custom_1733928958911{margin-top: 0px !important;margin-right: 0px !important;margin-bottom: 0px !important;margin-left: 0px !important;border-top-width: 0px !important;border-right-width: 0px !important;border-bottom-width: 0px !important;border-left-width: 0px !important;padding-top: 0px !important;padding-right: 0px !important;padding-bottom: 0px !important;padding-left: 0px !important;}&#8220; offset=&#8220;vc_hidden-sm vc_hidden-xs&#8220;][vc_single_image image=&#8220;125&#8243; img_size=&#8220;full&#8220; css=&#8220;.vc_custom_1734338231684{margin-top: 0px !important;margin-right: 0px !important;margin-bottom: 0px !important;margin-left: 0px !important;border-top-width: 0px !important;border-right-width: 0px !important;border-bottom-width: 0px !important;border-left-width: 0px !important;padding-top: 0px !important;padding-right: 0px !important;padding-bottom: 0px !important;padding-left: 0px !important;}&#8220;][\/vc_column][\/vc_row][vc_row full_width=&#8220;stretch_row&#8220; content_placement=&#8220;middle&#8220; bg_type=&#8220;bg_color&#8220; bg_color_value=&#8220;#efefef&#8220; css=&#8220;.vc_custom_1721032317669{margin-top: 0px !important;margin-right: 0px !important;margin-bottom: 50px !important;margin-left: 0px !important;border-top-width: 0px !important;border-right-width: 0px !important;border-bottom-width: 0px !important;border-left-width: 0px !important;padding-top: 0px !important;padding-right: 0px !important;padding-bottom: 0px !important;padding-left: 0px !important;border-radius: 10px !important;}&#8220;][vc_column css=&#8220;.vc_custom_1733928979609{margin-top: 0px !important;margin-right: 0px !important;margin-bottom: 0px !important;margin-left: 0px !important;border-top-width: 0px !important;border-right-width: 0px !important;border-bottom-width: 0px !important;border-left-width: 0px !important;padding-top: 0px !important;padding-right: 0px !important;padding-bottom: 0px !important;padding-left: 0px !important;}&#8220; offset=&#8220;vc_hidden-lg vc_hidden-md&#8220;][vc_single_image image=&#8220;124&#8243; img_size=&#8220;full&#8220; css=&#8220;.vc_custom_1734338241835{margin-top: 0px !important;margin-right: 0px !important;margin-bottom: 0px !important;margin-left: 0px !important;border-top-width: 0px !important;border-right-width: 0px !important;border-bottom-width: 0px !important;border-left-width: 0px !important;padding-top: 0px !important;padding-right: 0px !important;padding-bottom: 0px !important;padding-left: 0px !important;}&#8220;][vc_column_text css=&#8220;.vc_custom_1733928987825{margin-bottom: 0px !important;border-bottom-width: 0px !important;padding-top: 20px !important;padding-right: 20px !important;padding-bottom: 20px !important;padding-left: 20px !important;}&#8220;]<\/p>\n<h3>Stahleinbau<\/h3>\n<div>\n<div>\n<div>\n<div>\n<div>\n<div>\n<p>Unser Tunnelstahleinbau hat sich \u00fcber Jahrzehnte bew\u00e4hrt und bietet unseren Partnern h\u00f6chste Qualit\u00e4t zu fairen Preisen.<\/p>\n<p><a href=\"https:\/\/nostalgic-elion.185-178-193-234.plesk.page\/index.php\/stahleinbau\/\">Mehr erfahren<\/a><\/p>\n<\/div>\n<\/div>\n<\/div>\n<\/div>\n<\/div>\n<\/div>\n<p>[\/vc_column_text][\/vc_column][\/vc_row]<\/p>\n<\/div>","protected":false},"excerpt":{"rendered":"<p>[vc_row gap=&#8220;15&#8243; parallax_content=&#8220;parallax_content_value&#8220; ult_hide_row=&#8220;ult_hide_row_value&#8220; ult_hide_row_tablet=&#8220;tablet&#8220; ult_hide_row_tablet_small=&#8220;xs_tablet&#8220; ult_hide_row_mobile=&#8220;mobile&#8220; ult_hide_row_mobile_large=&#8220;xl_mobile&#8220; css=&#8220;.vc_custom_1721031783472{margin-top: 0px !important;border-top-width: 0px !important;padding-top: 0px !important;}&#8220;][vc_column offset=&#8220;vc_hidden-sm vc_hidden-xs&#8220;][vc_column_text css=&#8220;&#8220;] Mit durchdachtem Tunnelbau Welten vernetzen Seit Jahrzehnten sind wir einer der f\u00fchrenden Anbieter im Stahl-Tunnelbau \u2013 und das schweizweit. Mit unserem bew\u00e4hrten Konzept, der professionellen Beratung durch unsere Spezialisten und einer ausf\u00fchrlichen, detailgetreuen Planung erleichtern wir Ihnen&hellip;<\/p>\n","protected":false},"author":1,"featured_media":0,"parent":0,"menu_order":0,"comment_status":"closed","ping_status":"open","template":"","meta":{"footnotes":""},"class_list":["post-99","page","type-page","status-publish","hentry","description-off"],"_links":{"self":[{"href":"https:\/\/nostalgic-elion.185-178-193-234.plesk.page\/index.php\/wp-json\/wp\/v2\/pages\/99","targetHints":{"allow":["GET"]}}],"collection":[{"href":"https:\/\/nostalgic-elion.185-178-193-234.plesk.page\/index.php\/wp-json\/wp\/v2\/pages"}],"about":[{"href":"https:\/\/nostalgic-elion.185-178-193-234.plesk.page\/index.php\/wp-json\/wp\/v2\/types\/page"}],"author":[{"embeddable":true,"href":"https:\/\/nostalgic-elion.185-178-193-234.plesk.page\/index.php\/wp-json\/wp\/v2\/users\/1"}],"replies":[{"embeddable":true,"href":"https:\/\/nostalgic-elion.185-178-193-234.plesk.page\/index.php\/wp-json\/wp\/v2\/comments?post=99"}],"version-history":[{"count":11,"href":"https:\/\/nostalgic-elion.185-178-193-234.plesk.page\/index.php\/wp-json\/wp\/v2\/pages\/99\/revisions"}],"predecessor-version":[{"id":729,"href":"https:\/\/nostalgic-elion.185-178-193-234.plesk.page\/index.php\/wp-json\/wp\/v2\/pages\/99\/revisions\/729"}],"wp:attachment":[{"href":"https:\/\/nostalgic-elion.185-178-193-234.plesk.page\/index.php\/wp-json\/wp\/v2\/media?parent=99"}],"curies":[{"name":"wp","href":"https:\/\/api.w.org\/{rel}","templated":true}]}}