{"id":295,"date":"2024-07-22T06:47:06","date_gmt":"2024-07-22T06:47:06","guid":{"rendered":"https:\/\/nostalgic-elion.185-178-193-234.plesk.page\/?page_id=295"},"modified":"2024-12-19T12:54:14","modified_gmt":"2024-12-19T12:54:14","slug":"arbeiten-bei-joerimann","status":"publish","type":"page","link":"https:\/\/nostalgic-elion.185-178-193-234.plesk.page\/index.php\/arbeiten-bei-joerimann\/","title":{"rendered":"Arbeiten bei J\u00f6rimann"},"content":{"rendered":"<div class=\"wpb-content-wrapper\"><p>[vc_row][vc_column][vc_column_text css=&#8220;&#8220;]<strong>Sichere Arbeitspl\u00e4tze, vielf\u00e4ltige Weiterbildungsm\u00f6glichkeiten und attraktive Mitarbeiterbenefits \u2013 das zeichnet uns aus. Wir sind stets auf der Suche nach neuen Talenten. M\u00f6chtest du Teil unseres famili\u00e4ren Teams werden?<\/strong>[\/vc_column_text][\/vc_column][\/vc_row][vc_row][vc_column][vc_column_text css=&#8220;&#8220;]Bei J\u00f6rimann Stahl AG legen wir grossen Wert auf die Entwicklung und Zufriedenheit unserer Mitarbeitenden. Als Teil der J\u00f6rimann Gruppe mit \u00fcber 250 Mitarbeitenden bieten wir stabile Arbeitspl\u00e4tze und umfangreiche Weiterbildungsm\u00f6glichkeiten. Zu unseren Benefits z\u00e4hlen flexible Arbeitszeiten, betriebliche Altersvorsorge und Gesundheitsprogramme. Wir investieren kontinuierlich in die Qualifikation unserer Belegschaft und bieten zahlreiche Chancen zur pers\u00f6nlichen und beruflichen Weiterentwicklung.[\/vc_column_text][\/vc_column][\/vc_row][vc_row gap=&#8220;35&#8243; equal_height=&#8220;yes&#8220; content_placement=&#8220;top&#8220; css=&#8220;.vc_custom_1720524807017{margin-top: 40px !important;margin-bottom: 0px !important;}&#8220;][vc_column width=&#8220;1\/3&#8243; css=&#8220;.vc_custom_1720524000397{padding-top: 20px !important;padding-right: 20px !important;padding-bottom: 20px !important;padding-left: 20px !important;background-color: #ededed !important;}&#8220;]<div class=\"aio-icon-component    style_1\"><div id=\"Info-box-wrap-8544\" class=\"aio-icon-box default-icon\" style=\"\"  ><div class=\"aio-icon-default\"><div class=\"ult-just-icon-wrapper  \"><div class=\"align-icon\" style=\"text-align:center;\">\n<div class=\"aio-icon-img \" style=\"font-size:48px;display:inline-block;\" >\n\t<img decoding=\"async\" class=\"img-icon\" alt=\"null\" src=\"https:\/\/nostalgic-elion.185-178-193-234.plesk.page\/wp-content\/uploads\/2024\/10\/steigend-1.png\"\/>\n<\/div><\/div><\/div><\/div><div class=\"aio-icon-header\" ><h3 class=\"aio-icon-title ult-responsive\"  data-ultimate-target='#Info-box-wrap-8544 .aio-icon-title'  data-responsive-json-new='{\"font-size\":\"desktop:20px;\",\"line-height\":\"\"}'  style=\"\">Karriere und Entwicklung<\/h3><\/div> <!-- header --><div class=\"aio-icon-description ult-responsive\"  data-ultimate-target='#Info-box-wrap-8544 .aio-icon-description'  data-responsive-json-new='{\"font-size\":\"desktop:18px;\",\"line-height\":\"\"}'  style=\"\">J\u00f6rimann Stahl AG bietet eine moderne und sichere Arbeitsumgebung, in der die Zufriedenheit und Entwicklung der Mitarbeitenden im Vordergrund stehen. Durch unsere Zugeh\u00f6rigkeit zur J\u00f6rimann Gruppe mit \u00fcber 250 Mitarbeitenden er\u00f6ffnen sich vielf\u00e4ltige Weiterbildungsm\u00f6glichkeiten und berufliche Perspektiven.<\/div> <!-- description --><\/div> <!-- aio-icon-box --><\/div> <!-- aio-icon-component -->[\/vc_column][vc_column width=&#8220;1\/3&#8243; css=&#8220;.vc_custom_1720524028462{padding-top: 20px !important;padding-right: 20px !important;padding-bottom: 20px !important;padding-left: 20px !important;background-color: #ededed !important;}&#8220;]<div class=\"aio-icon-component    style_1\"><div id=\"Info-box-wrap-8440\" class=\"aio-icon-box default-icon\" style=\"\"  ><div class=\"aio-icon-default\"><div class=\"ult-just-icon-wrapper  \"><div class=\"align-icon\" style=\"text-align:center;\">\n<div class=\"aio-icon-img \" style=\"font-size:48px;display:inline-block;\" >\n\t<img decoding=\"async\" class=\"img-icon\" alt=\"null\" src=\"https:\/\/nostalgic-elion.185-178-193-234.plesk.page\/wp-content\/uploads\/2024\/10\/vorteil-1.png\"\/>\n<\/div><\/div><\/div><\/div><div class=\"aio-icon-header\" ><h3 class=\"aio-icon-title ult-responsive\"  data-ultimate-target='#Info-box-wrap-8440 .aio-icon-title'  data-responsive-json-new='{\"font-size\":\"desktop:20px;\",\"line-height\":\"\"}'  style=\"\">Mitarbeiterbenefits<\/h3><\/div> <!-- header --><div class=\"aio-icon-description ult-responsive\"  data-ultimate-target='#Info-box-wrap-8440 .aio-icon-description'  data-responsive-json-new='{\"font-size\":\"desktop:18px;\",\"line-height\":\"\"}'  style=\"\">Unser Unternehmen bietet attraktive Vorteile wie flexible Arbeitszeiten, betriebliche Altersvorsorge und Gesundheitsprogramme. Diese Ma\u00dfnahmen f\u00f6rdern das Wohlbefinden und die Motivation unserer Mitarbeitenden und tragen zu einem positiven Arbeitsklima bei.<\/div> <!-- description --><\/div> <!-- aio-icon-box --><\/div> <!-- aio-icon-component -->[\/vc_column][vc_column width=&#8220;1\/3&#8243; css=&#8220;.vc_custom_1720524053724{padding-top: 20px !important;padding-right: 20px !important;padding-bottom: 20px !important;padding-left: 20px !important;background-color: #ededed !important;}&#8220;]<div class=\"aio-icon-component    style_1\"><div id=\"Info-box-wrap-4676\" class=\"aio-icon-box default-icon\" style=\"\"  ><div class=\"aio-icon-default\"><div class=\"ult-just-icon-wrapper  \"><div class=\"align-icon\" style=\"text-align:center;\">\n<div class=\"aio-icon-img \" style=\"font-size:48px;display:inline-block;\" >\n\t<img decoding=\"async\" class=\"img-icon\" alt=\"null\" src=\"https:\/\/nostalgic-elion.185-178-193-234.plesk.page\/wp-content\/uploads\/2024\/10\/werte-1.png\"\/>\n<\/div><\/div><\/div><\/div><div class=\"aio-icon-header\" ><h3 class=\"aio-icon-title ult-responsive\"  data-ultimate-target='#Info-box-wrap-4676 .aio-icon-title'  data-responsive-json-new='{\"font-size\":\"desktop:20px;\",\"line-height\":\"\"}'  style=\"\">Unsere Werte<\/h3><\/div> <!-- header --><div class=\"aio-icon-description ult-responsive\"  data-ultimate-target='#Info-box-wrap-4676 .aio-icon-description'  data-responsive-json-new='{\"font-size\":\"desktop:18px;\",\"line-height\":\"\"}'  style=\"\">Bei J\u00f6rimann Stahl AG steht der Mensch im Mittelpunkt. Wir setzen auf ein respektvolles und kollegiales Miteinander sowie kontinuierliche Investitionen in die Qualifikation unserer Mitarbeitenden. Als fortschrittlicher Arbeitgeber wissen wir, wie wichtig gut ausgebildete und motivierte Mitarbeitende f\u00fcr unseren gemeinsamen Erfolg sind.<\/div> <!-- description --><\/div> <!-- aio-icon-box --><\/div> <!-- aio-icon-component -->[\/vc_column][\/vc_row][vc_row full_width=&#8220;stretch_row_content_no_spaces&#8220; equal_height=&#8220;yes&#8220; content_placement=&#8220;top&#8220; css=&#8220;.vc_custom_1720525347208{margin-top: 40px !important;}&#8220;][vc_column]<div class=\"ult-content-box-container \" >\t<a class=\"ult-content-box-anchor\" href=\"https:\/\/joerimann-gruppe.ch\/\" target=\"_blank\" rel=\"noopener\" >\t\t<div class=\"ult-content-box\" style=\"background-color:#ededed;box-shadow: px px px px none;-webkit-transition: all 700ms ease;-moz-transition: all 700ms ease;-ms-transition: all 700ms ease;-o-transition: all 700ms ease;transition: all 700ms ease;\"  data-hover_bg_color=\"#bababa\"  data-hover_box_shadow=\"none\"     data-bg=\"#ededed\" >[vc_column_text css=&#8220;.vc_custom_1720524691760{padding-top: 20px !important;padding-right: 20px !important;padding-bottom: 20px !important;padding-left: 20px !important;}&#8220;]<\/p>\n<p style=\"text-align: center;\"><span style=\"color: #000000;\">Hier geht es zu unserer Arbeitgeber Seite<\/span><\/p>\n<p>[\/vc_column_text]\t\t<\/div>\t<\/a><\/div>[\/vc_column][\/vc_row]<\/p>\n<\/div>","protected":false},"excerpt":{"rendered":"<p>[vc_row][vc_column][vc_column_text css=&#8220;&#8220;]Sichere Arbeitspl\u00e4tze, vielf\u00e4ltige Weiterbildungsm\u00f6glichkeiten und attraktive Mitarbeiterbenefits \u2013 das zeichnet uns aus. Wir sind stets auf der Suche nach neuen Talenten. M\u00f6chtest du Teil unseres famili\u00e4ren Teams werden?[\/vc_column_text][\/vc_column][\/vc_row][vc_row][vc_column][vc_column_text css=&#8220;&#8220;]Bei J\u00f6rimann Stahl AG legen wir grossen Wert auf die Entwicklung und Zufriedenheit unserer Mitarbeitenden. Als Teil der J\u00f6rimann Gruppe mit \u00fcber 250 Mitarbeitenden bieten wir&hellip;<\/p>\n","protected":false},"author":1,"featured_media":0,"parent":0,"menu_order":0,"comment_status":"closed","ping_status":"open","template":"","meta":{"footnotes":""},"class_list":["post-295","page","type-page","status-publish","hentry","description-off"],"_links":{"self":[{"href":"https:\/\/nostalgic-elion.185-178-193-234.plesk.page\/index.php\/wp-json\/wp\/v2\/pages\/295","targetHints":{"allow":["GET"]}}],"collection":[{"href":"https:\/\/nostalgic-elion.185-178-193-234.plesk.page\/index.php\/wp-json\/wp\/v2\/pages"}],"about":[{"href":"https:\/\/nostalgic-elion.185-178-193-234.plesk.page\/index.php\/wp-json\/wp\/v2\/types\/page"}],"author":[{"embeddable":true,"href":"https:\/\/nostalgic-elion.185-178-193-234.plesk.page\/index.php\/wp-json\/wp\/v2\/users\/1"}],"replies":[{"embeddable":true,"href":"https:\/\/nostalgic-elion.185-178-193-234.plesk.page\/index.php\/wp-json\/wp\/v2\/comments?post=295"}],"version-history":[{"count":25,"href":"https:\/\/nostalgic-elion.185-178-193-234.plesk.page\/index.php\/wp-json\/wp\/v2\/pages\/295\/revisions"}],"predecessor-version":[{"id":799,"href":"https:\/\/nostalgic-elion.185-178-193-234.plesk.page\/index.php\/wp-json\/wp\/v2\/pages\/295\/revisions\/799"}],"wp:attachment":[{"href":"https:\/\/nostalgic-elion.185-178-193-234.plesk.page\/index.php\/wp-json\/wp\/v2\/media?parent=295"}],"curies":[{"name":"wp","href":"https:\/\/api.w.org\/{rel}","templated":true}]}}