{"id":270,"date":"2024-07-15T13:12:24","date_gmt":"2024-07-15T13:12:24","guid":{"rendered":"https:\/\/nostalgic-elion.185-178-193-234.plesk.page\/?page_id=270"},"modified":"2024-07-15T13:12:49","modified_gmt":"2024-07-15T13:12:49","slug":"impressum","status":"publish","type":"page","link":"https:\/\/nostalgic-elion.185-178-193-234.plesk.page\/index.php\/impressum\/","title":{"rendered":"Impressum"},"content":{"rendered":"<div class=\"wpb-content-wrapper\"><p>[vc_row][vc_column][vc_column_text css=&#8220;&#8220;]<\/p>\n<div id=\"main\" class=\"sidebar-none sidebar-divider-off\">\n<div class=\"wf-wrap\">\n<div class=\"wf-container-main\">\n<div id=\"content\" class=\"content\" role=\"main\">\n<div class=\"wpb-content-wrapper\">\n<div class=\"vc_row wpb_row vc_row-fluid\">\n<div class=\"wpb_column vc_column_container vc_col-sm-12\">\n<div class=\"vc_column-inner\">\n<div class=\"wpb_wrapper\">\n<div class=\"wpb_text_column wpb_content_element \">\n<div class=\"wpb_wrapper\">\n<div id=\"content\" class=\"content\" role=\"main\">\n<div class=\"vc_row wpb_row vc_row-fluid vc_custom_1675768736739\">\n<div class=\"wpb_column vc_column_container vc_col-sm-12\">\n<div class=\"vc_column-inner vc_custom_1675243715061\">\n<div class=\"wpb_wrapper\">\n<div id=\"ultimate-heading-73906695201e430f7\" class=\"uvc-heading ult-adjust-bottom-margin ultimate-heading-73906695201e430f7 uvc-765 uvc-heading-default-font-sizes\" data-hspacer=\"no_spacer\" data-halign=\"left\">\n<div class=\"uvc-main-heading ult-responsive\" data-ultimate-target=\".uvc-heading.ultimate-heading-73906695201e430f7 h2\" data-responsive-json-new=\"{&quot;font-size&quot;:&quot;&quot;,&quot;line-height&quot;:&quot;&quot;}\">\n<h2>Impressum<\/h2>\n<p>&nbsp;<\/p>\n<\/div>\n<\/div>\n<\/div>\n<\/div>\n<\/div>\n<\/div>\n<div class=\"vc_row wpb_row vc_row-fluid\">\n<div class=\"wpb_column vc_column_container vc_col-sm-12\">\n<div class=\"vc_column-inner vc_custom_1675243715061\">\n<div class=\"wpb_wrapper\">\n<div class=\"wpb_text_column wpb_content_element\">\n<div class=\"wpb_wrapper\">\n<h3><b>Verantwortliche Instanz:<\/b><\/h3>\n<p>J\u00f6rimann Stahlbau AG<br \/>\nIndustriestrasse 5<br \/>\nCH-7402 Bonaduz<br \/>\nTel 081 650 24 24<br \/>\nFax 081 650 24 20<br \/>\n<strong>E-Mail<\/strong>: info@joerimann.com<\/p>\n<p><strong>Vertretungsberechtigte Personen<\/strong><br \/>\nRobin J\u00f6rimann<\/p>\n<p><strong>Name des Unternehmens<\/strong>: J\u00f6rimann Stahlbau AG<br \/>\n<strong>Registrationsnummer<\/strong>: CHE-223.712.963<br \/>\n<strong>Umsatzsteuer-Identifikationsnummer<\/strong>: CHE-223.712.963 MWST<\/p>\n<p>&nbsp;<\/p>\n<p><strong>Haftungsausschluss<\/strong><br \/>\nDer Autor \u00fcbernimmt keine Gew\u00e4hr f\u00fcr die Richtigkeit, Genauigkeit, Aktualit\u00e4t, Zuverl\u00e4ssigkeit und Vollst\u00e4ndigkeit der Informationen.<br \/>\nHaftungsanspr\u00fcche gegen den Autor wegen Sch\u00e4den materieller oder immaterieller Art, die aus dem Zugriff oder der Nutzung bzw. Nichtnutzung der ver\u00f6ffentlichten Informationen, durch Missbrauch der Verbindung oder durch technische St\u00f6rungen entstanden sind, werden ausgeschlossen.<\/p>\n<p>Alle Angebote sind freibleibend. Der Autor beh\u00e4lt es sich ausdr\u00fccklich vor, Teile der Seiten oder das gesamte Angebot ohne gesonderte Ank\u00fcndigung zu ver\u00e4ndern, zu erg\u00e4nzen, zu l\u00f6schen oder die Ver\u00f6ffentlichung zeitweise oder endg\u00fcltig einzustellen.<\/p>\n<p>&nbsp;<\/p>\n<p><strong>Haftungsausschluss f\u00fcr Inhalte und Links<\/strong><br \/>\nVerweise und Links auf Webseiten Dritter liegen ausserhalb unseres Verantwortungsbereichs. Es wird jegliche Verantwortung f\u00fcr solche Webseiten abgelehnt. Der Zugriff und die Nutzung solcher Webseiten erfolgen auf eigene Gefahr des jeweiligen Nutzers.<\/p>\n<p>&nbsp;<\/p>\n<p><strong>Urheberrechtserkl\u00e4rung<\/strong><br \/>\nDie Urheber- und alle anderen Rechte an Inhalten, Bildern, Fotos oder anderen Dateien auf dieser Website, geh\u00f6ren ausschliesslich J\u00f6rimann Gruppe oder den speziell genannten Rechteinhabern. F\u00fcr die Reproduktion jeglicher Elemente ist die schriftliche Zustimmung des Urheberrechtstr\u00e4gers im Voraus einzuholen.<\/p>\n<\/div>\n<\/div>\n<div id=\"ultimate-heading-81936695201e4409f\" class=\"uvc-heading ult-adjust-bottom-margin ultimate-heading-81936695201e4409f uvc-3936 uvc-heading-default-font-sizes\" data-hspacer=\"no_spacer\" data-halign=\"left\">\n<div class=\"uvc-heading-spacer no_spacer\"><\/div>\n<div class=\"uvc-main-heading ult-responsive\" data-ultimate-target=\".uvc-heading.ultimate-heading-81936695201e4409f h3\" data-responsive-json-new=\"{&quot;font-size&quot;:&quot;&quot;,&quot;line-height&quot;:&quot;&quot;}\">\n<h3>Gestaltung &amp; Design<\/h3>\n<\/div>\n<\/div>\n<div class=\"wpb_text_column wpb_content_element\">\n<div class=\"wpb_wrapper\">\n<p><strong>sehenswert Werbeagentur GmbH<\/strong><br \/>\nTittwiesenstrasse 25<br \/>\n7000 Chur<\/p>\n<p>Tel. 044 244 88 84<br \/>\n<a href=\"https:\/\/sehenswert.ch\/\" target=\"_blank\" rel=\"noopener\">sehenswert.ch<\/a><\/p>\n<\/div>\n<\/div>\n<\/div>\n<\/div>\n<\/div>\n<\/div>\n<\/div>\n<\/div>\n<\/div>\n<\/div>\n<\/div>\n<\/div>\n<\/div>\n<\/div>\n<\/div>\n<\/div>\n<\/div>\n<\/div>\n<p>[\/vc_column_text][\/vc_column][\/vc_row]<\/p>\n<\/div>","protected":false},"excerpt":{"rendered":"<p>[vc_row][vc_column][vc_column_text css=&#8220;&#8220;] Impressum &nbsp; Verantwortliche Instanz: J\u00f6rimann Stahlbau AG Industriestrasse 5 CH-7402 Bonaduz Tel 081 650 24 24 Fax 081 650 24 20 E-Mail: info@joerimann.com Vertretungsberechtigte Personen Robin J\u00f6rimann Name des Unternehmens: J\u00f6rimann Stahlbau AG Registrationsnummer: CHE-223.712.963 Umsatzsteuer-Identifikationsnummer: CHE-223.712.963 MWST &nbsp; Haftungsausschluss Der Autor \u00fcbernimmt keine Gew\u00e4hr f\u00fcr die Richtigkeit, Genauigkeit, Aktualit\u00e4t, Zuverl\u00e4ssigkeit und Vollst\u00e4ndigkeit&hellip;<\/p>\n","protected":false},"author":1,"featured_media":0,"parent":0,"menu_order":0,"comment_status":"closed","ping_status":"open","template":"","meta":{"footnotes":""},"class_list":["post-270","page","type-page","status-publish","hentry","description-off"],"_links":{"self":[{"href":"https:\/\/nostalgic-elion.185-178-193-234.plesk.page\/index.php\/wp-json\/wp\/v2\/pages\/270","targetHints":{"allow":["GET"]}}],"collection":[{"href":"https:\/\/nostalgic-elion.185-178-193-234.plesk.page\/index.php\/wp-json\/wp\/v2\/pages"}],"about":[{"href":"https:\/\/nostalgic-elion.185-178-193-234.plesk.page\/index.php\/wp-json\/wp\/v2\/types\/page"}],"author":[{"embeddable":true,"href":"https:\/\/nostalgic-elion.185-178-193-234.plesk.page\/index.php\/wp-json\/wp\/v2\/users\/1"}],"replies":[{"embeddable":true,"href":"https:\/\/nostalgic-elion.185-178-193-234.plesk.page\/index.php\/wp-json\/wp\/v2\/comments?post=270"}],"version-history":[{"count":2,"href":"https:\/\/nostalgic-elion.185-178-193-234.plesk.page\/index.php\/wp-json\/wp\/v2\/pages\/270\/revisions"}],"predecessor-version":[{"id":272,"href":"https:\/\/nostalgic-elion.185-178-193-234.plesk.page\/index.php\/wp-json\/wp\/v2\/pages\/270\/revisions\/272"}],"wp:attachment":[{"href":"https:\/\/nostalgic-elion.185-178-193-234.plesk.page\/index.php\/wp-json\/wp\/v2\/media?parent=270"}],"curies":[{"name":"wp","href":"https:\/\/api.w.org\/{rel}","templated":true}]}}