{"id":251,"date":"2024-07-15T12:41:48","date_gmt":"2024-07-15T12:41:48","guid":{"rendered":"https:\/\/nostalgic-elion.185-178-193-234.plesk.page\/?page_id=251"},"modified":"2024-12-19T12:53:38","modified_gmt":"2024-12-19T12:53:38","slug":"lehre-bei-joerimann","status":"publish","type":"page","link":"https:\/\/nostalgic-elion.185-178-193-234.plesk.page\/index.php\/lehre-bei-joerimann\/","title":{"rendered":"Lehre bei J\u00f6rimann"},"content":{"rendered":"<div class=\"wpb-content-wrapper\"><p>[vc_row parallax_content=&#8220;parallax_content_value&#8220; ult_hide_row=&#8220;ult_hide_row_value&#8220; ult_hide_row_tablet_small=&#8220;xs_tablet&#8220; ult_hide_row_mobile=&#8220;mobile&#8220; ult_hide_row_mobile_large=&#8220;xl_mobile&#8220;][vc_column offset=&#8220;vc_hidden-sm vc_hidden-xs&#8220;][vc_column_text css=&#8220;&#8220;]<\/p>\n<h1>Meistere den Sprung in die Berufswelt mit einer Lehre bei J\u00f6rimann Gruppe Talente!<\/h1>\n<p>Der ersten Schritt in die Berufswelt ist f\u00fcr Sch\u00fclerinnen und Sch\u00fcler ein einzigartiges Erlebnis. Ein Erlebnis, dass wir bei J\u00f6rimann dir mit unseren Berufslehren erm\u00f6glichen wollen.<\/p>\n<p><strong>J\u00f6rimann Gruppe Talente! \u2013 die moderne Berufslehre im Industriebereich<br \/>\n<\/strong>Als starke Arbeitgeberin aus der Region erm\u00f6glichen wir berufliche Grundbildung in unterschiedlichen Berufen. Um den Lehrlingsbereich noch weiter auszubauen und unseren Lernenden eine Ausbildung auf h\u00f6chstem Niveau zu erm\u00f6glichen, haben sich alle unsere Firmen zu einem grossen Lehrbetrieb zusammengetan. Unter dem Namen J\u00f6rimann Gruppe Talente! bieten wir gruppen\u00fcbergreifende Lehrstellen, die keine W\u00fcnsche offen l\u00e4sst.<\/p>\n<p><strong>Lehrwerkstatt, modular aufgebaut und viele Nebenleistungen<\/strong><br \/>\nSo profitierst du zum Beispiel von einer Grundausbildung in einer eigenen Lehrwerkstatt, der M\u00f6glichkeit, den Ausbildungsort (je nach Lehrberuf) flexibel zu w\u00e4hlen, und spezifischer F\u00f6rderung in den Bereichen deiner Wahl. Zudem erh\u00e4ltst du als Lernende:r bei der J\u00f6rimann Gruppe Talente! viele Nebenleistungen, die \u00fcber das Angebot anderer Lehrbetriebe hinausgeht. Eine Berufslehre, die es so noch kaum gibt.<\/p>\n<p><strong>Jetzt Lernende:r bei J\u00f6rimann und J\u00f6rimann Gruppe Talente! werden<\/strong><br \/>\nDu interessierst dich f\u00fcr einen unserer Lehrstellen? Besuche jetzt unsere Lehrlingsseite <a href=\"https:\/\/joerimann-talente.ch\" target=\"_blank\" rel=\"noopener\">joerimann-talente.ch<\/a> und finde alle n\u00f6tigen Informationen f\u00fcr deinen Einstieg in deine Berufslehre bei uns. Wir freuen uns auch dich![\/vc_column_text][vc_empty_space height=&#8220;20px&#8220;][\/vc_column][\/vc_row][vc_row parallax_content=&#8220;parallax_content_value&#8220; ult_hide_row=&#8220;ult_hide_row_value&#8220; ult_hide_row_large_screen=&#8220;large_screen&#8220; ult_hide_row_desktop=&#8220;desktop&#8220; ult_hide_row_tablet=&#8220;tablet&#8220;][vc_column offset=&#8220;vc_hidden-lg vc_hidden-md&#8220;][vc_column_text css=&#8220;&#8220;]<\/p>\n<h2>Meistere den Sprung in die Berufswelt mit einer Lehre bei J\u00f6rimann Gruppe Talente!<\/h2>\n<p>Der ersten Schritt in die Berufswelt ist f\u00fcr Sch\u00fclerinnen und Sch\u00fcler ein einzigartiges Erlebnis. Ein Erlebnis, dass wir bei J\u00f6rimann dir mit unseren Berufslehren erm\u00f6glichen wollen.<\/p>\n<p><strong>J\u00f6rimann Gruppe Talente! \u2013 die moderne Berufslehre im Industriebereich<br \/>\n<\/strong>Als starke Arbeitgeberin aus der Region erm\u00f6glichen wir berufliche Grundbildung in unterschiedlichen Berufen. Um den Lehrlingsbereich noch weiter auszubauen und unseren Lernenden eine Ausbildung auf h\u00f6chstem Niveau zu erm\u00f6glichen, haben sich alle unsere Firmen zu einem grossen Lehrbetrieb zusammengetan. Unter dem Namen J\u00f6rimann Gruppe Talente! bieten wir gruppen\u00fcbergreifende Lehrstellen, die keine W\u00fcnsche offen l\u00e4sst.<\/p>\n<p><strong>Lehrwerkstatt, modular aufgebaut und viele Nebenleistungen<\/strong><br \/>\nSo profitierst du zum Beispiel von einer Grundausbildung in einer eigenen Lehrwerkstatt, der M\u00f6glichkeit, den Ausbildungsort (je nach Lehrberuf) flexibel zu w\u00e4hlen, und spezifischer F\u00f6rderung in den Bereichen deiner Wahl. Zudem erh\u00e4ltst du als Lernende:r bei der J\u00f6rimann Gruppe Talente! viele Nebenleistungen, die \u00fcber das Angebot anderer Lehrbetriebe hinausgeht. Eine Berufslehre, die es so noch kaum gibt.<\/p>\n<p><strong>Jetzt Lernende:r bei J\u00f6rimann und J\u00f6rimann Gruppe Talente! werden<\/strong><br \/>\nDu interessierst dich f\u00fcr einen unserer Lehrstellen? Besuche jetzt unsere Lehrlingsseite <a href=\"https:\/\/joerimann-talente.ch\" target=\"_blank\" rel=\"noopener\">joerimann-talente.ch<\/a> und finde alle n\u00f6tigen Informationen f\u00fcr deinen Einstieg in deine Berufslehre bei uns. Wir freuen uns auch dich![\/vc_column_text][vc_empty_space height=&#8220;20px&#8220;][\/vc_column][\/vc_row][vc_row gap=&#8220;10&#8243;][vc_column width=&#8220;1\/2&#8243; css=&#8220;.vc_custom_1510520466218{margin-bottom: 20px !important;border-top-width: 2px !important;border-right-width: 2px !important;border-bottom-width: 2px !important;border-left-width: 2px !important;padding-top: 15px !important;padding-right: 15px !important;padding-bottom: 15px !important;padding-left: 15px !important;background-color: #ebebeb !important;border-left-color: #a5a5a5 !important;border-right-color: #a5a5a5 !important;border-top-color: #a5a5a5 !important;border-bottom-color: #a5a5a5 !important;border-radius: 10px !important;}&#8220;][vc_row_inner][vc_column_inner css=&#8220;.vc_custom_1510520419638{margin-top: 0px !important;margin-right: 0px !important;margin-bottom: 0px !important;border-top-width: 0px !important;border-right-width: 0px !important;border-bottom-width: 0px !important;border-left-width: 0px !important;padding-top: 0px !important;padding-right: 0px !important;padding-bottom: 0px !important;padding-left: 0px !important;}&#8220;][vc_column_text css=&#8220;.vc_custom_1734612799883{margin-top: 0px !important;margin-right: 0px !important;margin-bottom: 0px !important;border-right-width: 0px !important;border-bottom-width: 0px !important;border-left-width: 0px !important;padding-top: 0px !important;padding-right: 0px !important;padding-bottom: 0px !important;padding-left: 15px !important;}&#8220;]<\/p>\n<h4><a href=\"https:\/\/joerimann-talente.ch\/anlage-und-apparatebauer-in-efz\/\" target=\"_blank\" rel=\"noopener noreferrer\">Anlage- und Apperatebauer\/in<\/a><\/h4>\n<p>[\/vc_column_text][\/vc_column_inner][\/vc_row_inner][\/vc_column][vc_column width=&#8220;1\/2&#8243; css=&#8220;.vc_custom_1594025249471{border-top-width: 2px !important;border-right-width: 2px !important;border-bottom-width: 2px !important;border-left-width: 2px !important;padding-top: 15px !important;padding-right: 15px !important;padding-bottom: 15px !important;padding-left: 15px !important;background-color: #ebebeb !important;border-left-color: #a5a5a5 !important;border-right-color: #a5a5a5 !important;border-top-color: #a5a5a5 !important;border-bottom-color: #a5a5a5 !important;border-radius: 10px !important;}&#8220;][vc_row_inner][vc_column_inner css=&#8220;.vc_custom_1510520419638{margin-top: 0px !important;margin-right: 0px !important;margin-bottom: 0px !important;border-top-width: 0px !important;border-right-width: 0px !important;border-bottom-width: 0px !important;border-left-width: 0px !important;padding-top: 0px !important;padding-right: 0px !important;padding-bottom: 0px !important;padding-left: 0px !important;}&#8220;][vc_column_text css=&#8220;.vc_custom_1629795368175{margin-top: 0px !important;margin-right: 0px !important;margin-bottom: 0px !important;border-right-width: 0px !important;border-bottom-width: 0px !important;border-left-width: 0px !important;padding-top: 0px !important;padding-right: 0px !important;padding-bottom: 0px !important;padding-left: 15px !important;}&#8220;]<\/p>\n<h4><a href=\"https:\/\/joerimann-talente.ch\/mechanikpraktiker-in-eba\/\" target=\"_blank\" rel=\"noopener noreferrer\">Mechanikpraktiker\/in EBA<\/a><\/h4>\n<p>[\/vc_column_text][\/vc_column_inner][\/vc_row_inner][\/vc_column][\/vc_row][vc_row gap=&#8220;10&#8243;][vc_column width=&#8220;1\/2&#8243; css=&#8220;.vc_custom_1510520466218{margin-bottom: 20px !important;border-top-width: 2px !important;border-right-width: 2px !important;border-bottom-width: 2px !important;border-left-width: 2px !important;padding-top: 15px !important;padding-right: 15px !important;padding-bottom: 15px !important;padding-left: 15px !important;background-color: #ebebeb !important;border-left-color: #a5a5a5 !important;border-right-color: #a5a5a5 !important;border-top-color: #a5a5a5 !important;border-bottom-color: #a5a5a5 !important;border-radius: 10px !important;}&#8220;][vc_row_inner][vc_column_inner css=&#8220;.vc_custom_1510520419638{margin-top: 0px !important;margin-right: 0px !important;margin-bottom: 0px !important;border-top-width: 0px !important;border-right-width: 0px !important;border-bottom-width: 0px !important;border-left-width: 0px !important;padding-top: 0px !important;padding-right: 0px !important;padding-bottom: 0px !important;padding-left: 0px !important;}&#8220;][vc_column_text css=&#8220;.vc_custom_1629795408052{margin-top: 0px !important;margin-right: 0px !important;margin-bottom: 0px !important;border-right-width: 0px !important;border-bottom-width: 0px !important;border-left-width: 0px !important;padding-top: 0px !important;padding-right: 0px !important;padding-bottom: 0px !important;padding-left: 15px !important;}&#8220;]<\/p>\n<h4><a href=\"https:\/\/joerimann-talente.ch\/gestalter-in-werbetechnik-efz\/\" target=\"_blank\" rel=\"noopener noreferrer\">Gestalter\/in Werbetechnik EFZ<\/a><\/h4>\n<p>[\/vc_column_text][\/vc_column_inner][\/vc_row_inner][\/vc_column][vc_column width=&#8220;1\/2&#8243; css=&#8220;.vc_custom_1594025273737{border-top-width: 2px !important;border-right-width: 2px !important;border-bottom-width: 2px !important;border-left-width: 2px !important;padding-top: 15px !important;padding-right: 15px !important;padding-bottom: 15px !important;padding-left: 15px !important;background-color: #ebebeb !important;border-left-color: #a5a5a5 !important;border-right-color: #a5a5a5 !important;border-top-color: #a5a5a5 !important;border-bottom-color: #a5a5a5 !important;border-radius: 10px !important;}&#8220;][vc_row_inner][vc_column_inner css=&#8220;.vc_custom_1510520419638{margin-top: 0px !important;margin-right: 0px !important;margin-bottom: 0px !important;border-top-width: 0px !important;border-right-width: 0px !important;border-bottom-width: 0px !important;border-left-width: 0px !important;padding-top: 0px !important;padding-right: 0px !important;padding-bottom: 0px !important;padding-left: 0px !important;}&#8220;][vc_column_text css=&#8220;.vc_custom_1629795392472{margin-top: 0px !important;margin-right: 0px !important;margin-bottom: 0px !important;border-right-width: 0px !important;border-bottom-width: 0px !important;border-left-width: 0px !important;padding-top: 0px !important;padding-right: 0px !important;padding-bottom: 0px !important;padding-left: 15px !important;}&#8220;]<\/p>\n<h4><a href=\"https:\/\/joerimann-talente.ch\/metallbaukonstrukteur-in-efz\/\" target=\"_blank\" rel=\"noopener noreferrer\">Metallbaukonstrukteur\/in EFZ<\/a><\/h4>\n<p>[\/vc_column_text][\/vc_column_inner][\/vc_row_inner][\/vc_column][\/vc_row][vc_row gap=&#8220;10&#8243;][vc_column width=&#8220;1\/2&#8243; css=&#8220;.vc_custom_1510520466218{margin-bottom: 20px !important;border-top-width: 2px !important;border-right-width: 2px !important;border-bottom-width: 2px !important;border-left-width: 2px !important;padding-top: 15px !important;padding-right: 15px !important;padding-bottom: 15px !important;padding-left: 15px !important;background-color: #ebebeb !important;border-left-color: #a5a5a5 !important;border-right-color: #a5a5a5 !important;border-top-color: #a5a5a5 !important;border-bottom-color: #a5a5a5 !important;border-radius: 10px !important;}&#8220;][vc_row_inner][vc_column_inner css=&#8220;.vc_custom_1510520419638{margin-top: 0px !important;margin-right: 0px !important;margin-bottom: 0px !important;border-top-width: 0px !important;border-right-width: 0px !important;border-bottom-width: 0px !important;border-left-width: 0px !important;padding-top: 0px !important;padding-right: 0px !important;padding-bottom: 0px !important;padding-left: 0px !important;}&#8220;][vc_column_text css=&#8220;.vc_custom_1629795453271{margin-top: 0px !important;margin-right: 0px !important;margin-bottom: 0px !important;border-right-width: 0px !important;border-bottom-width: 0px !important;border-left-width: 0px !important;padding-top: 0px !important;padding-right: 0px !important;padding-bottom: 0px !important;padding-left: 15px !important;}&#8220;]<\/p>\n<h4><a href=\"https:\/\/joerimann-talente.ch\/metallbauer-in-efz\/\" target=\"_blank\" rel=\"noopener noreferrer\">Metallbauer\/in EFZ<\/a><\/h4>\n<p>[\/vc_column_text][\/vc_column_inner][\/vc_row_inner][\/vc_column][vc_column width=&#8220;1\/2&#8243; css=&#8220;.vc_custom_1594025249471{border-top-width: 2px !important;border-right-width: 2px !important;border-bottom-width: 2px !important;border-left-width: 2px !important;padding-top: 15px !important;padding-right: 15px !important;padding-bottom: 15px !important;padding-left: 15px !important;background-color: #ebebeb !important;border-left-color: #a5a5a5 !important;border-right-color: #a5a5a5 !important;border-top-color: #a5a5a5 !important;border-bottom-color: #a5a5a5 !important;border-radius: 10px !important;}&#8220;][vc_row_inner][vc_column_inner css=&#8220;.vc_custom_1510520419638{margin-top: 0px !important;margin-right: 0px !important;margin-bottom: 0px !important;border-top-width: 0px !important;border-right-width: 0px !important;border-bottom-width: 0px !important;border-left-width: 0px !important;padding-top: 0px !important;padding-right: 0px !important;padding-bottom: 0px !important;padding-left: 0px !important;}&#8220;][vc_column_text css=&#8220;.vc_custom_1629795432023{margin-top: 0px !important;margin-right: 0px !important;margin-bottom: 0px !important;border-right-width: 0px !important;border-bottom-width: 0px !important;border-left-width: 0px !important;padding-top: 0px !important;padding-right: 0px !important;padding-bottom: 0px !important;padding-left: 15px !important;}&#8220;]<\/p>\n<h4><a href=\"https:\/\/joerimann-talente.ch\/metallbaupraktiker-in-eba\/\" target=\"_blank\" rel=\"noopener noreferrer\">Metallbaupraktiker\/in EBA<\/a><\/h4>\n<p>[\/vc_column_text][\/vc_column_inner][\/vc_row_inner][\/vc_column][\/vc_row][vc_row][vc_column][vc_column_text css=&#8220;&#8220;]<strong>Interessiert an einer Lehre bei der J\u00f6rimann Gruppe? <\/strong>Jetzt <a href=\"https:\/\/joerimann-talente.ch\" target=\"_blank\" rel=\"noopener\">joerimann-talente.ch<\/a> besuchen und gleich online bewerben![\/vc_column_text][\/vc_column][\/vc_row]<\/p>\n<\/div>","protected":false},"excerpt":{"rendered":"<p>[vc_row parallax_content=&#8220;parallax_content_value&#8220; ult_hide_row=&#8220;ult_hide_row_value&#8220; ult_hide_row_tablet_small=&#8220;xs_tablet&#8220; ult_hide_row_mobile=&#8220;mobile&#8220; ult_hide_row_mobile_large=&#8220;xl_mobile&#8220;][vc_column offset=&#8220;vc_hidden-sm vc_hidden-xs&#8220;][vc_column_text css=&#8220;&#8220;] Meistere den Sprung in die Berufswelt mit einer Lehre bei J\u00f6rimann Gruppe Talente! Der ersten Schritt in die Berufswelt ist f\u00fcr Sch\u00fclerinnen und Sch\u00fcler ein einzigartiges Erlebnis. Ein Erlebnis, dass wir bei J\u00f6rimann dir mit unseren Berufslehren erm\u00f6glichen wollen. J\u00f6rimann Gruppe Talente! \u2013 die moderne Berufslehre&hellip;<\/p>\n","protected":false},"author":1,"featured_media":0,"parent":0,"menu_order":0,"comment_status":"closed","ping_status":"open","template":"","meta":{"footnotes":""},"class_list":["post-251","page","type-page","status-publish","hentry","description-off"],"_links":{"self":[{"href":"https:\/\/nostalgic-elion.185-178-193-234.plesk.page\/index.php\/wp-json\/wp\/v2\/pages\/251","targetHints":{"allow":["GET"]}}],"collection":[{"href":"https:\/\/nostalgic-elion.185-178-193-234.plesk.page\/index.php\/wp-json\/wp\/v2\/pages"}],"about":[{"href":"https:\/\/nostalgic-elion.185-178-193-234.plesk.page\/index.php\/wp-json\/wp\/v2\/types\/page"}],"author":[{"embeddable":true,"href":"https:\/\/nostalgic-elion.185-178-193-234.plesk.page\/index.php\/wp-json\/wp\/v2\/users\/1"}],"replies":[{"embeddable":true,"href":"https:\/\/nostalgic-elion.185-178-193-234.plesk.page\/index.php\/wp-json\/wp\/v2\/comments?post=251"}],"version-history":[{"count":5,"href":"https:\/\/nostalgic-elion.185-178-193-234.plesk.page\/index.php\/wp-json\/wp\/v2\/pages\/251\/revisions"}],"predecessor-version":[{"id":798,"href":"https:\/\/nostalgic-elion.185-178-193-234.plesk.page\/index.php\/wp-json\/wp\/v2\/pages\/251\/revisions\/798"}],"wp:attachment":[{"href":"https:\/\/nostalgic-elion.185-178-193-234.plesk.page\/index.php\/wp-json\/wp\/v2\/media?parent=251"}],"curies":[{"name":"wp","href":"https:\/\/api.w.org\/{rel}","templated":true}]}}