{"id":240,"date":"2024-07-15T12:32:32","date_gmt":"2024-07-15T12:32:32","guid":{"rendered":"https:\/\/nostalgic-elion.185-178-193-234.plesk.page\/?page_id=240"},"modified":"2024-12-19T12:14:52","modified_gmt":"2024-12-19T12:14:52","slug":"qualitaetsmanagement","status":"publish","type":"page","link":"https:\/\/nostalgic-elion.185-178-193-234.plesk.page\/index.php\/qualitaetsmanagement\/","title":{"rendered":"Qualit\u00e4tsmanagement"},"content":{"rendered":"<div class=\"wpb-content-wrapper\"><p>[vc_row ult_hide_row=&#8220;ult_hide_row_value&#8220; ult_hide_row_tablet_small=&#8220;xs_tablet&#8220; ult_hide_row_mobile=&#8220;mobile&#8220; ult_hide_row_mobile_large=&#8220;xl_mobile&#8220;][vc_column offset=&#8220;vc_hidden-sm vc_hidden-xs&#8220;][vc_column_text]<\/p>\n<h1>Wir \u00fcberlassen die Qualit\u00e4t nicht dem Zufall<\/h1>\n<p><strong>Seit Jahren garantieren wir beste Qualit\u00e4t auf h\u00f6chstem Industriestandard. \u00dcber 50 gepr\u00fcfte Schweisser und die Zertifizierung nach der neusten Stahlbaunorm EN1090 EXC 4 erlauben es uns, Bauwerke und Werkst\u00fccke auf h\u00f6chstem Niveau zu fertigen. Wir legen grossen Wert auf die kontinuierliche Weiterbildung unserer Mitarbeiter\/Innen, um den geforderten Anspr\u00fcchen jederzeit gerecht zu werden. Jede\/r unserer Mitarbeiter\/Innen verf\u00fcgt \u00fcber grosse Fachkompetenz, die uns hilft Qualit\u00e4t und Zuverl\u00e4ssigkeit immer zu gew\u00e4hrleisten.<\/strong><\/p>\n<ul class=\"text\">\n<li class=\"text\">ISO zertifiziert seit 1997 nach ISO 9001 und ISO 3834:-2<\/li>\n<li class=\"text\">Zertifiziertes Umweltmanagementsystem nach ISO 14001:2015 seit 07.2016<\/li>\n<li class=\"text\">Lehrlingsausbildungen in diversen Berufen<\/li>\n<\/ul>\n<p>Im schweisstechnischen Bereich<\/p>\n<ul class=\"text\">\n<li class=\"text\">ausgebildete Schweissfachm\u00e4nner eidg. Dipl.<\/li>\n<li class=\"text\">Schweissfachingenieure IWE<\/li>\n<li class=\"text\">diverse Mitarbeiter mit Schweisserpr\u00fcfungen nach EN ISO 9606-1 \/111,131,135 und 141<\/li>\n<li class=\"text\">visuelle Sichtpr\u00fcfer nach DIN EN 473<\/li>\n<li class=\"text\">Bescheinigung der Herstellerqualifikation H1 nach SN505 263\/1<\/li>\n<li class=\"text\">Zertifiziert nach EN1090-1 und EN1090-2 EXC 4<\/li>\n<li class=\"text\">Zertifiziert nach EN15085-2 Schweissen von Schienenfahrzeugen, Zertifizierungsstufe CL1<\/li>\n<li class=\"text\">div. Verfahrenspr\u00fcfungen<\/li>\n<\/ul>\n<p>[\/vc_column_text][vc_column_text css=&#8220;.vc_custom_1734610480732{border-top-width: 1px !important;border-right-width: 1px !important;border-bottom-width: 1px !important;border-left-width: 1px !important;padding-top: 15px !important;padding-right: 15px !important;padding-bottom: 15px !important;padding-left: 15px !important;background-color: #eaeaea !important;border-left-style: solid !important;border-right-style: solid !important;border-top-style: solid !important;border-bottom-style: solid !important;border-radius: 2px !important;border-color: #0c0c0c !important;}&#8220;]<strong>Zertifikate zum Downloaden<\/strong><\/p>\n<p><a href=\"https:\/\/nostalgic-elion.185-178-193-234.plesk.page\/wp-content\/uploads\/2024\/12\/Zertifizierung-ISO-9001-14001-45001_JAG-alle-Standorte_bis-03_01_2027.pdf\" target=\"_blank\" rel=\"noopener noreferrer\">ISO 9001, ISO 14001 und ISO 45001 Bonaduz<\/a><\/p>\n<p><a href=\"https:\/\/nostalgic-elion.185-178-193-234.plesk.page\/wp-content\/uploads\/2024\/12\/Zertifizierung-ISO-9001-14001-45001_JAG-Walenstadt_bis-03_01_2027.pdf\" target=\"_blank\" rel=\"noopener noreferrer\">ISO 9001, ISO 14001 und ISO 45001 Walenstadt<\/a><\/p>\n<p><a href=\"https:\/\/joerimann.com\/wp-content\/uploads\/2021\/10\/ISO3834_BO_WA.pdf\" target=\"_blank\" rel=\"noopener noreferrer\">ISO 3834 Bonaduz + Walenstadt<\/a><\/p>\n<p><a href=\"https:\/\/nostalgic-elion.185-178-193-234.plesk.page\/wp-content\/uploads\/2024\/12\/2024-Cert_SVS-1090-1_-Joerimann-Stahl-AG_DE.pdf\" target=\"_blank\" rel=\"noopener noreferrer\">WPK EN 1090-1 D J\u00f6rimann<\/a><\/p>\n<p><a href=\"https:\/\/nostalgic-elion.185-178-193-234.plesk.page\/wp-content\/uploads\/2024\/12\/2024-Cert_SVS-1090-2_-Joerimann-Stahl-AG_DE.pdf\" target=\"_blank\" rel=\"noopener noreferrer\">WPK EN 1090-2 D J\u00f6rimann<\/a><\/p>\n<p><a href=\"https:\/\/nostalgic-elion.185-178-193-234.plesk.page\/wp-content\/uploads\/2024\/12\/Umstempelungsbescheinigung-JAG-SAG-bis-30072027.pdf\" target=\"_blank\" rel=\"noopener noreferrer\">Zulassung Umstempelung J\u00f6rimann Schneider<\/a><\/p>\n<p><a href=\"https:\/\/nostalgic-elion.185-178-193-234.plesk.page\/wp-content\/uploads\/2024\/12\/2024_Cert_15085-2-CL1_Joerimann-AG_DE.pdf\" target=\"_blank\" rel=\"noopener noreferrer\">DIN EN 15085 Bonaduz<\/a>[\/vc_column_text][\/vc_column][\/vc_row][vc_row ult_hide_row=&#8220;ult_hide_row_value&#8220; ult_hide_row_large_screen=&#8220;large_screen&#8220; ult_hide_row_desktop=&#8220;desktop&#8220; ult_hide_row_tablet=&#8220;tablet&#8220;][vc_column offset=&#8220;vc_hidden-lg vc_hidden-md&#8220;][vc_column_text css=&#8220;&#8220;]<\/p>\n<h2>Wir \u00fcberlassen die Qualit\u00e4t nicht dem Zufall<\/h2>\n<p><strong>Seit Jahren garantieren wir beste Qualit\u00e4t auf h\u00f6chstem Industriestandard. \u00dcber 50 gepr\u00fcfte Schweisser und die Zertifizierung nach der neusten Stahlbaunorm EN1090 EXC 4 erlauben es uns, Bauwerke und Werkst\u00fccke auf h\u00f6chstem Niveau zu fertigen. Wir legen grossen Wert auf die kontinuierliche Weiterbildung unserer Mitarbeiter\/Innen, um den geforderten Anspr\u00fcchen jederzeit gerecht zu werden. Jede\/r unserer Mitarbeiter\/Innen verf\u00fcgt \u00fcber grosse Fachkompetenz, die uns hilft Qualit\u00e4t und Zuverl\u00e4ssigkeit immer zu gew\u00e4hrleisten.<\/strong><\/p>\n<ul class=\"text\">\n<li class=\"text\">ISO zertifiziert seit 1997 nach ISO 9001 und ISO 3834:-2<\/li>\n<li class=\"text\">Zertifiziertes Umweltmanagementsystem nach ISO 14001:2015 seit 07.2016<\/li>\n<li class=\"text\">Lehrlingsausbildungen in diversen Berufen<\/li>\n<\/ul>\n<p>Im schweisstechnischen Bereich<\/p>\n<ul class=\"text\">\n<li class=\"text\">ausgebildete Schweissfachm\u00e4nner eidg. Dipl.<\/li>\n<li class=\"text\">Schweissfachingenieure IWE<\/li>\n<li class=\"text\">diverse Mitarbeiter mit Schweisserpr\u00fcfungen nach EN ISO 9606-1 \/111,131,135 und 141<\/li>\n<li class=\"text\">visuelle Sichtpr\u00fcfer nach DIN EN 473<\/li>\n<li class=\"text\">Bescheinigung der Herstellerqualifikation H1 nach SN505 263\/1<\/li>\n<li class=\"text\">Zertifiziert nach EN1090-1 und EN1090-2 EXC 4<\/li>\n<li class=\"text\">Zertifiziert nach EN15085-2 Schweissen von Schienenfahrzeugen, Zertifizierungsstufe CL1<\/li>\n<li class=\"text\">div. Verfahrenspr\u00fcfungen<\/li>\n<\/ul>\n<p>[\/vc_column_text][vc_column_text css=&#8220;.vc_custom_1734610490036{border-top-width: 1px !important;border-right-width: 1px !important;border-bottom-width: 1px !important;border-left-width: 1px !important;padding-top: 15px !important;padding-right: 15px !important;padding-bottom: 15px !important;padding-left: 15px !important;background-color: #eaeaea !important;border-left-style: solid !important;border-right-style: solid !important;border-top-style: solid !important;border-bottom-style: solid !important;border-radius: 2px !important;border-color: #0c0c0c !important;}&#8220;]<strong>Zertifikate zum Downloaden<\/strong><\/p>\n<p><a href=\"https:\/\/joerimann.com\/wp-content\/uploads\/2021\/10\/ISO-9001_14001_BO.pdf\" target=\"_blank\" rel=\"noopener noreferrer\">ISO 9001, ISO 14001 und ISO 45001 Bonaduz<\/a><\/p>\n<p><a href=\"https:\/\/joerimann.com\/wp-content\/uploads\/2021\/10\/ISO-9001_14001_WA.pdf\" target=\"_blank\" rel=\"noopener noreferrer\">ISO 9001, ISO 14001 und ISO 45001 Walenstadt<\/a><\/p>\n<p><a href=\"https:\/\/joerimann.com\/wp-content\/uploads\/2021\/10\/ISO3834_BO_WA.pdf\" target=\"_blank\" rel=\"noopener noreferrer\">ISO 3834 Bonaduz + Walenstadt<\/a><\/p>\n<p><a href=\"https:\/\/joerimann.com\/wp-content\/uploads\/2021\/10\/2021-07-28-Cert_Original_SVS-EN1090-1_-JOeRIMANN-Stahl-AG_DE.pdf\" target=\"_blank\" rel=\"noopener noreferrer\">WPK EN 1090-1 D J\u00f6rimann<\/a><\/p>\n<p><a href=\"https:\/\/joerimann.com\/wp-content\/uploads\/2021\/10\/2021-07-28-Cert_Original_SVS-EN1090-2_-JOeRIMANN-Stahl-AG_DE.pdf\" target=\"_blank\" rel=\"noopener noreferrer\">WPK EN 1090-2 D J\u00f6rimann<\/a><\/p>\n<p><a href=\"https:\/\/joerimann.com\/wp-content\/uploads\/2021\/10\/Zulassung-Umstempelung-Joerimann_Schneider_bis-30072024_.pdf\" target=\"_blank\" rel=\"noopener noreferrer\">Zulassung Umstempelung J\u00f6rimann Schneider<\/a><\/p>\n<p><a href=\"https:\/\/nostalgic-elion.185-178-193-234.plesk.page\/wp-content\/uploads\/2024\/12\/2024_Cert_15085-2-CL1_Joerimann-AG_DE.pdf\" target=\"_blank\" rel=\"noopener noreferrer\">DIN EN 15085 Bonaduz<\/a>[\/vc_column_text][\/vc_column][\/vc_row]<\/p>\n<\/div>","protected":false},"excerpt":{"rendered":"<p>[vc_row ult_hide_row=&#8220;ult_hide_row_value&#8220; ult_hide_row_tablet_small=&#8220;xs_tablet&#8220; ult_hide_row_mobile=&#8220;mobile&#8220; ult_hide_row_mobile_large=&#8220;xl_mobile&#8220;][vc_column offset=&#8220;vc_hidden-sm vc_hidden-xs&#8220;][vc_column_text] Wir \u00fcberlassen die Qualit\u00e4t nicht dem Zufall Seit Jahren garantieren wir beste Qualit\u00e4t auf h\u00f6chstem Industriestandard. \u00dcber 50 gepr\u00fcfte Schweisser und die Zertifizierung nach der neusten Stahlbaunorm EN1090 EXC 4 erlauben es uns, Bauwerke und Werkst\u00fccke auf h\u00f6chstem Niveau zu fertigen. Wir legen grossen Wert auf die kontinuierliche&hellip;<\/p>\n","protected":false},"author":1,"featured_media":0,"parent":0,"menu_order":0,"comment_status":"closed","ping_status":"open","template":"","meta":{"footnotes":""},"class_list":["post-240","page","type-page","status-publish","hentry","description-off"],"_links":{"self":[{"href":"https:\/\/nostalgic-elion.185-178-193-234.plesk.page\/index.php\/wp-json\/wp\/v2\/pages\/240","targetHints":{"allow":["GET"]}}],"collection":[{"href":"https:\/\/nostalgic-elion.185-178-193-234.plesk.page\/index.php\/wp-json\/wp\/v2\/pages"}],"about":[{"href":"https:\/\/nostalgic-elion.185-178-193-234.plesk.page\/index.php\/wp-json\/wp\/v2\/types\/page"}],"author":[{"embeddable":true,"href":"https:\/\/nostalgic-elion.185-178-193-234.plesk.page\/index.php\/wp-json\/wp\/v2\/users\/1"}],"replies":[{"embeddable":true,"href":"https:\/\/nostalgic-elion.185-178-193-234.plesk.page\/index.php\/wp-json\/wp\/v2\/comments?post=240"}],"version-history":[{"count":6,"href":"https:\/\/nostalgic-elion.185-178-193-234.plesk.page\/index.php\/wp-json\/wp\/v2\/pages\/240\/revisions"}],"predecessor-version":[{"id":797,"href":"https:\/\/nostalgic-elion.185-178-193-234.plesk.page\/index.php\/wp-json\/wp\/v2\/pages\/240\/revisions\/797"}],"wp:attachment":[{"href":"https:\/\/nostalgic-elion.185-178-193-234.plesk.page\/index.php\/wp-json\/wp\/v2\/media?parent=240"}],"curies":[{"name":"wp","href":"https:\/\/api.w.org\/{rel}","templated":true}]}}