{"id":147,"date":"2024-07-15T11:17:41","date_gmt":"2024-07-15T11:17:41","guid":{"rendered":"https:\/\/nostalgic-elion.185-178-193-234.plesk.page\/?page_id=147"},"modified":"2024-12-11T15:08:32","modified_gmt":"2024-12-11T15:08:32","slug":"bahntechnik","status":"publish","type":"page","link":"https:\/\/nostalgic-elion.185-178-193-234.plesk.page\/index.php\/bahntechnik\/","title":{"rendered":"Bahntechnik"},"content":{"rendered":"<div class=\"wpb-content-wrapper\"><p>[vc_row gap=&#8220;15&#8243; parallax_content=&#8220;parallax_content_value&#8220; ult_hide_row=&#8220;ult_hide_row_value&#8220; ult_hide_row_tablet=&#8220;tablet&#8220; ult_hide_row_tablet_small=&#8220;xs_tablet&#8220; ult_hide_row_mobile=&#8220;mobile&#8220; ult_hide_row_mobile_large=&#8220;xl_mobile&#8220; css=&#8220;.vc_custom_1721031783472{margin-top: 0px !important;border-top-width: 0px !important;padding-top: 0px !important;}&#8220;][vc_column offset=&#8220;vc_hidden-sm vc_hidden-xs&#8220;][vc_column_text css=&#8220;&#8220;]<\/p>\n<h1>Modernste Bahntechnik f\u00fcr h\u00f6chste Anspr\u00fcche<\/h1>\n<p><strong>Als Experte im Stahlwesen bieten wir innovative L\u00f6sungen f\u00fcr den Binnenverkehr. Die steigenden Anspr\u00fcche an Bahn und Technik als auch umweltpolitische Diskussionen treiben unsere Innovationen konstant weiter. Dank unserem Fokus auf Qualit\u00e4t und Termintreue sind wir zum wichtigen Partner f\u00fcr verschiedenste Bahntechnik-Unternehmen geworden. Auch beliefern wir einen grossen Teil der schweizerischen privaten und \u00f6ffentlichen Bahnen direkt.\u00a0<\/strong><\/p>\n<div class=\"wpb_text_column wpb_content_element\">\n<div class=\"wpb_wrapper\">\n<p>Unser Fokus liegt auf der Fertigung von rostfreien Produkten f\u00fcr Bahn und Tram, um die hohen gesellschaftlichen Anspr\u00fcche an die Mobilit\u00e4t zu erf\u00fcllen. Unsere Stahl-Produkte bieten eine langj\u00e4hrige Qualit\u00e4tsgarantie und eine hohe Flexibilit\u00e4t f\u00fcr Serien- und Einzelteile, damit die ans\u00e4ssigen Bahnunternehmen auch zuk\u00fcnftig barrierefrei und p\u00fcnktlich unterwegs sind. Um die Mobilit\u00e4t von Personen- und G\u00fcterz\u00fcgen zu gew\u00e4hrleisten, sorgen wir mit unseren fortschrittlichen Methoden daf\u00fcr, dass die Bed\u00fcrfnisse eines jeden Schienenverkehr-Teilnehmers erf\u00fcllt werden.<\/p>\n<\/div>\n<\/div>\n<p>[\/vc_column_text][vc_empty_space height=&#8220;20&#8243;][\/vc_column][\/vc_row][vc_row gap=&#8220;15&#8243; parallax_content=&#8220;parallax_content_value&#8220; ult_hide_row=&#8220;ult_hide_row_value&#8220; ult_hide_row_large_screen=&#8220;large_screen&#8220; ult_hide_row_desktop=&#8220;desktop&#8220; ult_hide_row_tablet=&#8220;tablet&#8220;][vc_column offset=&#8220;vc_hidden-lg vc_hidden-md&#8220;][vc_column_text css=&#8220;&#8220;]<\/p>\n<h2>Modernste Bahntechnik f\u00fcr h\u00f6chste Anspr\u00fcche<\/h2>\n<p><strong>Als Experte im Stahlwesen bieten wir innovative L\u00f6sungen f\u00fcr den Binnenverkehr. Die steigenden Anspr\u00fcche an Bahn und Technik als auch umweltpolitische Diskussionen treiben unsere Innovationen konstant weiter. Dank unserem Fokus auf Qualit\u00e4t und Termintreue sind wir zum wichtigen Partner f\u00fcr verschiedenste Bahntechnik-Unternehmen geworden. Auch beliefern wir einen grossen Teil der schweizerischen privaten und \u00f6ffentlichen Bahnen direkt.\u00a0<\/strong><\/p>\n<div class=\"wpb_text_column wpb_content_element\">\n<div class=\"wpb_wrapper\">\n<p>Unser Fokus liegt auf der Fertigung von rostfreien Produkten f\u00fcr Bahn und Tram, um die hohen gesellschaftlichen Anspr\u00fcche an die Mobilit\u00e4t zu erf\u00fcllen. Unsere Stahl-Produkte bieten eine langj\u00e4hrige Qualit\u00e4tsgarantie und eine hohe Flexibilit\u00e4t f\u00fcr Serien- und Einzelteile, damit die ans\u00e4ssigen Bahnunternehmen auch zuk\u00fcnftig barrierefrei und p\u00fcnktlich unterwegs sind. Um die Mobilit\u00e4t von Personen- und G\u00fcterz\u00fcgen zu gew\u00e4hrleisten, sorgen wir mit unseren fortschrittlichen Methoden daf\u00fcr, dass die Bed\u00fcrfnisse eines jeden Schienenverkehr-Teilnehmers erf\u00fcllt werden.<\/p>\n<\/div>\n<\/div>\n<p>[\/vc_column_text][vc_empty_space height=&#8220;20&#8243;][\/vc_column][\/vc_row]<\/p>\n<\/div>","protected":false},"excerpt":{"rendered":"<p>[vc_row gap=&#8220;15&#8243; parallax_content=&#8220;parallax_content_value&#8220; ult_hide_row=&#8220;ult_hide_row_value&#8220; ult_hide_row_tablet=&#8220;tablet&#8220; ult_hide_row_tablet_small=&#8220;xs_tablet&#8220; ult_hide_row_mobile=&#8220;mobile&#8220; ult_hide_row_mobile_large=&#8220;xl_mobile&#8220; css=&#8220;.vc_custom_1721031783472{margin-top: 0px !important;border-top-width: 0px !important;padding-top: 0px !important;}&#8220;][vc_column offset=&#8220;vc_hidden-sm vc_hidden-xs&#8220;][vc_column_text css=&#8220;&#8220;] Modernste Bahntechnik f\u00fcr h\u00f6chste Anspr\u00fcche Als Experte im Stahlwesen bieten wir innovative L\u00f6sungen f\u00fcr den Binnenverkehr. Die steigenden Anspr\u00fcche an Bahn und Technik als auch umweltpolitische Diskussionen treiben unsere Innovationen konstant weiter. Dank unserem Fokus auf Qualit\u00e4t&hellip;<\/p>\n","protected":false},"author":1,"featured_media":0,"parent":0,"menu_order":0,"comment_status":"closed","ping_status":"open","template":"","meta":{"footnotes":""},"class_list":["post-147","page","type-page","status-publish","hentry","description-off"],"_links":{"self":[{"href":"https:\/\/nostalgic-elion.185-178-193-234.plesk.page\/index.php\/wp-json\/wp\/v2\/pages\/147","targetHints":{"allow":["GET"]}}],"collection":[{"href":"https:\/\/nostalgic-elion.185-178-193-234.plesk.page\/index.php\/wp-json\/wp\/v2\/pages"}],"about":[{"href":"https:\/\/nostalgic-elion.185-178-193-234.plesk.page\/index.php\/wp-json\/wp\/v2\/types\/page"}],"author":[{"embeddable":true,"href":"https:\/\/nostalgic-elion.185-178-193-234.plesk.page\/index.php\/wp-json\/wp\/v2\/users\/1"}],"replies":[{"embeddable":true,"href":"https:\/\/nostalgic-elion.185-178-193-234.plesk.page\/index.php\/wp-json\/wp\/v2\/comments?post=147"}],"version-history":[{"count":8,"href":"https:\/\/nostalgic-elion.185-178-193-234.plesk.page\/index.php\/wp-json\/wp\/v2\/pages\/147\/revisions"}],"predecessor-version":[{"id":711,"href":"https:\/\/nostalgic-elion.185-178-193-234.plesk.page\/index.php\/wp-json\/wp\/v2\/pages\/147\/revisions\/711"}],"wp:attachment":[{"href":"https:\/\/nostalgic-elion.185-178-193-234.plesk.page\/index.php\/wp-json\/wp\/v2\/media?parent=147"}],"curies":[{"name":"wp","href":"https:\/\/api.w.org\/{rel}","templated":true}]}}