{"id":113,"date":"2024-07-15T09:59:27","date_gmt":"2024-07-15T09:59:27","guid":{"rendered":"https:\/\/nostalgic-elion.185-178-193-234.plesk.page\/?page_id=113"},"modified":"2024-12-13T13:12:54","modified_gmt":"2024-12-13T13:12:54","slug":"tunnelschalung","status":"publish","type":"page","link":"https:\/\/nostalgic-elion.185-178-193-234.plesk.page\/index.php\/tunnelschalung\/","title":{"rendered":"Tunnelschalung"},"content":{"rendered":"<div class=\"wpb-content-wrapper\"><p>[vc_row gap=&#8220;15&#8243; parallax_content=&#8220;parallax_content_value&#8220; ult_hide_row=&#8220;ult_hide_row_value&#8220; ult_hide_row_tablet=&#8220;Tablet&#8220; ult_hide_row_tablet_small=&#8220;xs_tablet&#8220; ult_hide_row_mobile=&#8220;mobil&#8220; ult_hide_row_mobile_large=&#8220;xl_mobile&#8220; css=&#8220;.vc_custom_1718886108666{padding-top: 50px !important;}&#8220;][vc_column offset=&#8220;vc_hidden-sm vc_hidden-xs&#8220;][vc_column_text css=&#8220;&#8220;]<\/p>\n<h1>Schnell und einfach zur Qualit\u00e4tsschalung von J\u00f6rimann<\/h1>\n<div>\n<p>Bei unseren Schalungen f\u00fcr Tunnel-, Stollen-, Berg- und Schachtbau steht nicht nur die Funktionalit\u00e4t im Fokus sondern auch eine \u00fcberzeugende Qualit\u00e4t. Unsere Tunnelschalungen bieten, was sie versprechen: qualitativ hochwertige, standhafte Bauten und zufriedene Kunden. Unser neuartiges, patentiertes Baukastensystem bietet interessante und kostensparende L\u00f6sungen an. Zudem werden alle Stahlschalungen komplett in unseren Unternehmen gefertigt und zusammengebaut. Mit einem v\u00f6llig neuen Konzept und modernen Techniken k\u00f6nnen wir die Arbeit unserer Kunden nachhaltig erleichtern.<\/p>\n<\/div>\n<p>[\/vc_column_text][vc_empty_space height=&#8220;15&#8243;]<style type=\"text\/css\" data-type=\"the7_shortcodes-inline-css\">.gallery-carousel-shortcode.gallery-carousel-shortcode-id-95a7f9b3f8f4041d1c4d0c617e80e364 .owl-nav a {\n  width: 36px;\n  height: 36px;\n  border-radius: 500px;\n}\n.dt-arrow-border-on.gallery-carousel-shortcode.gallery-carousel-shortcode-id-95a7f9b3f8f4041d1c4d0c617e80e364 .owl-nav a:not(:hover):before {\n  border-width: 0px;\n}\n.dt-arrow-hover-border-on.gallery-carousel-shortcode.gallery-carousel-shortcode-id-95a7f9b3f8f4041d1c4d0c617e80e364 .owl-nav a:hover:after {\n  border-width: 0px;\n}\n.gallery-carousel-shortcode.gallery-carousel-shortcode-id-95a7f9b3f8f4041d1c4d0c617e80e364 .owl-nav a.owl-prev {\n  top: -40px;\n  right: 20px;\n}\n.gallery-carousel-shortcode.gallery-carousel-shortcode-id-95a7f9b3f8f4041d1c4d0c617e80e364 .owl-nav a.owl-prev i {\n  padding: 0px 0px 0px 0px;\n}\n.gallery-carousel-shortcode.gallery-carousel-shortcode-id-95a7f9b3f8f4041d1c4d0c617e80e364 .owl-nav a.owl-next {\n  top: -40px;\n  right: 0px;\n}\n.gallery-carousel-shortcode.gallery-carousel-shortcode-id-95a7f9b3f8f4041d1c4d0c617e80e364 .owl-nav a.owl-next i {\n  padding: 0px 0px 0px 0px;\n}\n.gallery-carousel-shortcode.gallery-carousel-shortcode-id-95a7f9b3f8f4041d1c4d0c617e80e364 .owl-nav i {\n  font-size: 18px;\n}\n.gallery-carousel-shortcode.gallery-carousel-shortcode-id-95a7f9b3f8f4041d1c4d0c617e80e364 .owl-nav a:not(:hover) i,\n.gallery-carousel-shortcode.gallery-carousel-shortcode-id-95a7f9b3f8f4041d1c4d0c617e80e364 .owl-nav a:not(:hover) i:before {\n  color: #3f3f3f;\n  background: none;\n}\n.gallery-carousel-shortcode.gallery-carousel-shortcode-id-95a7f9b3f8f4041d1c4d0c617e80e364 .owl-nav a:hover i,\n.gallery-carousel-shortcode.gallery-carousel-shortcode-id-95a7f9b3f8f4041d1c4d0c617e80e364 .owl-nav a:hover i:before {\n  color: rgba(158,158,158,0.75);\n  background: none;\n}\n.gallery-carousel-shortcode.gallery-carousel-shortcode-id-95a7f9b3f8f4041d1c4d0c617e80e364 .owl-dots {\n  top: calc(100% + 20px);\n  left: 50%;\n  transform: translateX(calc(-50% + 0px));\n}\n@media all and (-ms-high-contrast: none) {\n  .gallery-carousel-shortcode.gallery-carousel-shortcode-id-95a7f9b3f8f4041d1c4d0c617e80e364 .owl-dots {\n    transform: translateX(-50%);\n    margin-left: 0px;\n  }\n}\n.gallery-carousel-shortcode.gallery-carousel-shortcode-id-95a7f9b3f8f4041d1c4d0c617e80e364 .owl-dot {\n  width: 10px;\n  height: 10px;\n  margin: 0 8px;\n}\n@media screen and (max-width: 778px) {\n  .gallery-carousel-shortcode.gallery-carousel-shortcode-id-95a7f9b3f8f4041d1c4d0c617e80e364.hide-arrows .owl-nav a {\n    display: none;\n  }\n}\n@media screen and (max-width: 778px) {\n  .gallery-carousel-shortcode.gallery-carousel-shortcode-id-95a7f9b3f8f4041d1c4d0c617e80e364.reposition-arrows .owl-nav .owl-prev {\n    top: -40px;\n    right: 10px;\n  }\n  .gallery-carousel-shortcode.gallery-carousel-shortcode-id-95a7f9b3f8f4041d1c4d0c617e80e364.reposition-arrows .owl-nav .owl-next {\n    top: -40px;\n    right: 10px;\n  }\n}\n.gallery-carousel-shortcode.gallery-carousel-shortcode-id-95a7f9b3f8f4041d1c4d0c617e80e364 figure,\n.gallery-carousel-shortcode.gallery-carousel-shortcode-id-95a7f9b3f8f4041d1c4d0c617e80e364 .rollover,\n.gallery-carousel-shortcode.gallery-carousel-shortcode-id-95a7f9b3f8f4041d1c4d0c617e80e364 img,\n.gallery-carousel-shortcode.gallery-carousel-shortcode-id-95a7f9b3f8f4041d1c4d0c617e80e364 .gallery-rollover {\n  border-radius: 0px;\n}\n.gallery-carousel-shortcode.gallery-carousel-shortcode-id-95a7f9b3f8f4041d1c4d0c617e80e364.enable-bg-rollover .gallery-rollover {\n  background: rgba(0,0,0,0.06);\n  box-shadow: none;\n  background: -webkit-linear-gradient();\n  background: linear-gradient();\n}\n.gallery-carousel-shortcode.gallery-carousel-shortcode-id-95a7f9b3f8f4041d1c4d0c617e80e364.enable-img-shadow .owl-stage-outer {\n  padding: 14px 0;\n}\n.gallery-carousel-shortcode.gallery-carousel-shortcode-id-95a7f9b3f8f4041d1c4d0c617e80e364.enable-bg-rollover.hover-scale figure .rollover:after {\n  background: rgba(0,0,0,0.06);\n  box-shadow: none;\n  background: -webkit-linear-gradient();\n  background: linear-gradient();\n}\n.gallery-carousel-shortcode.gallery-carousel-shortcode-id-95a7f9b3f8f4041d1c4d0c617e80e364.gallery-shortcode .gallery-zoom-ico {\n  width: 44px;\n  height: 44px;\n  line-height: 44px;\n  border-radius: 100px;\n  margin: -22px 0 0 -22px;\n  border-width: 0px;\n}\n.dt-icon-bg-on.gallery-carousel-shortcode.gallery-carousel-shortcode-id-95a7f9b3f8f4041d1c4d0c617e80e364.gallery-shortcode .gallery-zoom-ico {\n  background: rgba(255,255,255,0.3);\n  box-shadow: none;\n}\n.gallery-carousel-shortcode.gallery-carousel-shortcode-id-95a7f9b3f8f4041d1c4d0c617e80e364.gallery-shortcode .gallery-zoom-ico:before,\n.gallery-carousel-shortcode.gallery-carousel-shortcode-id-95a7f9b3f8f4041d1c4d0c617e80e364.gallery-shortcode .gallery-zoom-ico span {\n  font-size: 32px;\n  line-height: 44px;\n  color: #ffffff;\n  background: none;\n}\n<\/style><div class=\"owl-carousel gallery-carousel-shortcode gallery-shortcode  dt-gallery-container dt-owl-carousel-call gallery-carousel-shortcode-id-95a7f9b3f8f4041d1c4d0c617e80e364 scale-img enable-bg-rollover meta-info-off bullets-small-dot-stroke reposition-arrows dt-icon-bg-off arrows-bg-off disable-arrows-hover-bg arrows-hover-bg-off  hover-fade \" data-scroll-mode=\"1\" data-col-num=\"4\" data-wide-col-num=\"4\" data-laptop-col=\"5\" data-h-tablet-columns-num=\"4\" data-v-tablet-columns-num=\"3\" data-phone-columns-num=\"1\" data-col-gap=\"10\" data-stage-padding=\"0\" data-speed=\"600\" data-autoplay=\"false\" data-autoplay_speed=\"6000\" data-arrows=\"true\" data-bullet=\"false\" data-next-icon=\"icon-ar-017-r\" data-prev-icon=\"icon-ar-017-l\" data-img-shadow-size=\"12px\" data-img-shadow-spread=\"3px\"><div data-post-id=\"114\" data-date=\"2024-07-15T09:59:16+00:00\" data-name=\"Bildschirmfoto-2018-01-21-um-10.30.39-e1516527369231\"><figure class=\"post\"><a href=\"https:\/\/nostalgic-elion.185-178-193-234.plesk.page\/wp-content\/uploads\/2024\/07\/Bildschirmfoto-2018-01-21-um-10.30.39-e1516527369231.jpg\" class=\"rollover dt-pswp-item layzr-bg\" data-large_image_width=\"600\" data-large_image_height=\"417\" data-dt-img-description=\"\" title=\"Bildschirmfoto-2018-01-21-um-10.30.39-e1516527369231\"><img fetchpriority=\"high\" decoding=\"async\" class=\"preload-me owl-lazy-load aspect\" src=\"data:image\/svg+xml,%3Csvg%20xmlns%3D&#39;http%3A%2F%2Fwww.w3.org%2F2000%2Fsvg&#39;%20viewBox%3D&#39;0%200%20556%20417&#39;%2F%3E\" data-src=\"https:\/\/nostalgic-elion.185-178-193-234.plesk.page\/wp-content\/uploads\/2024\/07\/Bildschirmfoto-2018-01-21-um-10.30.39-e1516527369231-556x417.jpg\" data-srcset=\"https:\/\/nostalgic-elion.185-178-193-234.plesk.page\/wp-content\/uploads\/2024\/07\/Bildschirmfoto-2018-01-21-um-10.30.39-e1516527369231-556x417.jpg 556w\" loading=\"eager\" style=\"--ratio: 556 \/ 417\" sizes=\"(max-width: 556px) 100vw, 556px\" alt=\"\" width=\"556\" height=\"417\"  \/><span class=\"gallery-rollover\"><\/span><\/a><\/figure><\/div><div data-post-id=\"115\" data-date=\"2024-07-15T09:59:18+00:00\" data-name=\"Bildschirmfoto-2018-01-21-um-10.30.20-e1516527344996\"><figure class=\"post\"><a href=\"https:\/\/nostalgic-elion.185-178-193-234.plesk.page\/wp-content\/uploads\/2024\/07\/Bildschirmfoto-2018-01-21-um-10.30.20-e1516527344996.jpg\" class=\"rollover dt-pswp-item layzr-bg\" data-large_image_width=\"600\" data-large_image_height=\"418\" data-dt-img-description=\"\" title=\"Bildschirmfoto-2018-01-21-um-10.30.20-e1516527344996\"><img decoding=\"async\" class=\"preload-me owl-lazy-load aspect\" src=\"data:image\/svg+xml,%3Csvg%20xmlns%3D&#39;http%3A%2F%2Fwww.w3.org%2F2000%2Fsvg&#39;%20viewBox%3D&#39;0%200%20557%20418&#39;%2F%3E\" data-src=\"https:\/\/nostalgic-elion.185-178-193-234.plesk.page\/wp-content\/uploads\/2024\/07\/Bildschirmfoto-2018-01-21-um-10.30.20-e1516527344996-557x418.jpg\" data-srcset=\"https:\/\/nostalgic-elion.185-178-193-234.plesk.page\/wp-content\/uploads\/2024\/07\/Bildschirmfoto-2018-01-21-um-10.30.20-e1516527344996-557x418.jpg 557w\" loading=\"eager\" style=\"--ratio: 557 \/ 418\" sizes=\"(max-width: 557px) 100vw, 557px\" alt=\"\" width=\"557\" height=\"418\"  \/><span class=\"gallery-rollover\"><\/span><\/a><\/figure><\/div><div data-post-id=\"116\" data-date=\"2024-07-15T09:59:19+00:00\" data-name=\"Bildschirmfoto-2018-01-21-um-10.31.58 (1)\"><figure class=\"post\"><a href=\"https:\/\/nostalgic-elion.185-178-193-234.plesk.page\/wp-content\/uploads\/2024\/07\/Bildschirmfoto-2018-01-21-um-10.31.58-1.jpg\" class=\"rollover dt-pswp-item layzr-bg\" data-large_image_width=\"600\" data-large_image_height=\"400\" data-dt-img-description=\"\" title=\"Bildschirmfoto-2018-01-21-um-10.31.58 (1)\"><img decoding=\"async\" class=\"preload-me owl-lazy-load aspect\" src=\"data:image\/svg+xml,%3Csvg%20xmlns%3D&#39;http%3A%2F%2Fwww.w3.org%2F2000%2Fsvg&#39;%20viewBox%3D&#39;0%200%20533%20400&#39;%2F%3E\" data-src=\"https:\/\/nostalgic-elion.185-178-193-234.plesk.page\/wp-content\/uploads\/2024\/07\/Bildschirmfoto-2018-01-21-um-10.31.58-1-533x400.jpg\" data-srcset=\"https:\/\/nostalgic-elion.185-178-193-234.plesk.page\/wp-content\/uploads\/2024\/07\/Bildschirmfoto-2018-01-21-um-10.31.58-1-533x400.jpg 533w\" loading=\"eager\" style=\"--ratio: 533 \/ 400\" sizes=\"(max-width: 533px) 100vw, 533px\" alt=\"\" width=\"533\" height=\"400\"  \/><span class=\"gallery-rollover\"><\/span><\/a><\/figure><\/div><\/div>[\/vc_column][\/vc_row][vc_row gap=&#8220;15&#8243; parallax_content=&#8220;parallax_content_value&#8220; ult_hide_row=&#8220;ult_hide_row_value&#8220; ult_hide_row_large_screen=&#8220;large_screen&#8220; ult_hide_row_desktop=&#8220;desktop&#8220; ult_hide_row_tablet=&#8220;tablet&#8220;][vc_column offset=&#8220;vc_hidden-lg vc_hidden-md&#8220;][vc_column_text css=&#8220;&#8220;]<\/p>\n<h2>Schnell und einfach zur Qualit\u00e4tsschalung von J\u00f6rimann<\/h2>\n<div>\n<p>Bei unseren Schalungen f\u00fcr Tunnel-, Stollen-, Berg- und Schachtbau steht nicht nur die Funktionalit\u00e4t im Fokus sondern auch eine \u00fcberzeugende Qualit\u00e4t. Unsere Tunnelschalungen bieten, was sie versprechen: qualitativ hochwertige, standhafte Bauten und zufriedene Kunden. Unser neuartiges, patentiertes Baukastensystem bietet interessante und kostensparende L\u00f6sungen an. Zudem werden alle Stahlschalungen komplett in unseren Unternehmen gefertigt und zusammengebaut. Mit einem v\u00f6llig neuen Konzept und modernen Techniken k\u00f6nnen wir die Arbeit unserer Kunden nachhaltig erleichtern.<\/p>\n<\/div>\n<p>[\/vc_column_text][vc_empty_space height=&#8220;15&#8243;]<style type=\"text\/css\" data-type=\"the7_shortcodes-inline-css\">.gallery-carousel-shortcode.gallery-carousel-shortcode-id-0c863187fb43905d16c518675a374839 .owl-nav a {\n  width: 36px;\n  height: 36px;\n  border-radius: 500px;\n}\n.dt-arrow-border-on.gallery-carousel-shortcode.gallery-carousel-shortcode-id-0c863187fb43905d16c518675a374839 .owl-nav a:not(:hover):before {\n  border-width: 0px;\n}\n.dt-arrow-hover-border-on.gallery-carousel-shortcode.gallery-carousel-shortcode-id-0c863187fb43905d16c518675a374839 .owl-nav a:hover:after {\n  border-width: 0px;\n}\n.gallery-carousel-shortcode.gallery-carousel-shortcode-id-0c863187fb43905d16c518675a374839 .owl-nav a.owl-prev {\n  top: -40px;\n  left: 0px;\n}\n.gallery-carousel-shortcode.gallery-carousel-shortcode-id-0c863187fb43905d16c518675a374839 .owl-nav a.owl-prev i {\n  padding: 0px 0px 0px 0px;\n}\n.gallery-carousel-shortcode.gallery-carousel-shortcode-id-0c863187fb43905d16c518675a374839 .owl-nav a.owl-next {\n  top: -40px;\n  right: 0px;\n}\n.gallery-carousel-shortcode.gallery-carousel-shortcode-id-0c863187fb43905d16c518675a374839 .owl-nav a.owl-next i {\n  padding: 0px 0px 0px 0px;\n}\n.gallery-carousel-shortcode.gallery-carousel-shortcode-id-0c863187fb43905d16c518675a374839 .owl-nav i {\n  font-size: 18px;\n}\n.gallery-carousel-shortcode.gallery-carousel-shortcode-id-0c863187fb43905d16c518675a374839 .owl-nav a:not(:hover) i,\n.gallery-carousel-shortcode.gallery-carousel-shortcode-id-0c863187fb43905d16c518675a374839 .owl-nav a:not(:hover) i:before {\n  color: #3f3f3f;\n  background: none;\n}\n.gallery-carousel-shortcode.gallery-carousel-shortcode-id-0c863187fb43905d16c518675a374839 .owl-nav a:hover i,\n.gallery-carousel-shortcode.gallery-carousel-shortcode-id-0c863187fb43905d16c518675a374839 .owl-nav a:hover i:before {\n  color: rgba(158,158,158,0.75);\n  background: none;\n}\n.gallery-carousel-shortcode.gallery-carousel-shortcode-id-0c863187fb43905d16c518675a374839 .owl-dots {\n  top: calc(100% + 20px);\n  left: 50%;\n  transform: translateX(calc(-50% + 0px));\n}\n@media all and (-ms-high-contrast: none) {\n  .gallery-carousel-shortcode.gallery-carousel-shortcode-id-0c863187fb43905d16c518675a374839 .owl-dots {\n    transform: translateX(-50%);\n    margin-left: 0px;\n  }\n}\n.gallery-carousel-shortcode.gallery-carousel-shortcode-id-0c863187fb43905d16c518675a374839 .owl-dot {\n  width: 10px;\n  height: 10px;\n  margin: 0 8px;\n}\n@media screen and (max-width: 778px) {\n  .gallery-carousel-shortcode.gallery-carousel-shortcode-id-0c863187fb43905d16c518675a374839.hide-arrows .owl-nav a {\n    display: none;\n  }\n}\n@media screen and (max-width: 778px) {\n  .gallery-carousel-shortcode.gallery-carousel-shortcode-id-0c863187fb43905d16c518675a374839.reposition-arrows .owl-nav .owl-prev {\n    top: -40px;\n    left: 10px;\n  }\n  .gallery-carousel-shortcode.gallery-carousel-shortcode-id-0c863187fb43905d16c518675a374839.reposition-arrows .owl-nav .owl-next {\n    top: -40px;\n    right: 10px;\n  }\n}\n.gallery-carousel-shortcode.gallery-carousel-shortcode-id-0c863187fb43905d16c518675a374839 figure,\n.gallery-carousel-shortcode.gallery-carousel-shortcode-id-0c863187fb43905d16c518675a374839 .rollover,\n.gallery-carousel-shortcode.gallery-carousel-shortcode-id-0c863187fb43905d16c518675a374839 img,\n.gallery-carousel-shortcode.gallery-carousel-shortcode-id-0c863187fb43905d16c518675a374839 .gallery-rollover {\n  border-radius: 0px;\n}\n.gallery-carousel-shortcode.gallery-carousel-shortcode-id-0c863187fb43905d16c518675a374839.enable-bg-rollover .gallery-rollover {\n  background: rgba(0,0,0,0.06);\n  box-shadow: none;\n  background: -webkit-linear-gradient();\n  background: linear-gradient();\n}\n.gallery-carousel-shortcode.gallery-carousel-shortcode-id-0c863187fb43905d16c518675a374839.enable-img-shadow .owl-stage-outer {\n  padding: 14px 0;\n}\n.gallery-carousel-shortcode.gallery-carousel-shortcode-id-0c863187fb43905d16c518675a374839.enable-bg-rollover.hover-scale figure .rollover:after {\n  background: rgba(0,0,0,0.06);\n  box-shadow: none;\n  background: -webkit-linear-gradient();\n  background: linear-gradient();\n}\n.gallery-carousel-shortcode.gallery-carousel-shortcode-id-0c863187fb43905d16c518675a374839.gallery-shortcode .gallery-zoom-ico {\n  width: 44px;\n  height: 44px;\n  line-height: 44px;\n  border-radius: 100px;\n  margin: -22px 0 0 -22px;\n  border-width: 0px;\n}\n.dt-icon-bg-on.gallery-carousel-shortcode.gallery-carousel-shortcode-id-0c863187fb43905d16c518675a374839.gallery-shortcode .gallery-zoom-ico {\n  background: rgba(255,255,255,0.3);\n  box-shadow: none;\n}\n.gallery-carousel-shortcode.gallery-carousel-shortcode-id-0c863187fb43905d16c518675a374839.gallery-shortcode .gallery-zoom-ico:before,\n.gallery-carousel-shortcode.gallery-carousel-shortcode-id-0c863187fb43905d16c518675a374839.gallery-shortcode .gallery-zoom-ico span {\n  font-size: 32px;\n  line-height: 44px;\n  color: #ffffff;\n  background: none;\n}\n<\/style><div class=\"owl-carousel gallery-carousel-shortcode gallery-shortcode  dt-gallery-container dt-owl-carousel-call gallery-carousel-shortcode-id-0c863187fb43905d16c518675a374839 scale-img enable-bg-rollover meta-info-off bullets-small-dot-stroke reposition-arrows dt-icon-bg-off arrows-bg-off disable-arrows-hover-bg arrows-hover-bg-off  hover-fade \" data-scroll-mode=\"1\" data-col-num=\"4\" data-wide-col-num=\"4\" data-laptop-col=\"5\" data-h-tablet-columns-num=\"4\" data-v-tablet-columns-num=\"3\" data-phone-columns-num=\"1\" data-col-gap=\"10\" data-stage-padding=\"0\" data-speed=\"600\" data-autoplay=\"false\" data-autoplay_speed=\"6000\" data-arrows=\"true\" data-bullet=\"false\" data-next-icon=\"icon-ar-017-r\" data-prev-icon=\"icon-ar-017-l\" data-img-shadow-size=\"12px\" data-img-shadow-spread=\"3px\"><div data-post-id=\"114\" data-date=\"2024-07-15T09:59:16+00:00\" data-name=\"Bildschirmfoto-2018-01-21-um-10.30.39-e1516527369231\"><figure class=\"post\"><a href=\"https:\/\/nostalgic-elion.185-178-193-234.plesk.page\/wp-content\/uploads\/2024\/07\/Bildschirmfoto-2018-01-21-um-10.30.39-e1516527369231.jpg\" class=\"rollover dt-pswp-item layzr-bg\" data-large_image_width=\"600\" data-large_image_height=\"417\" data-dt-img-description=\"\" title=\"Bildschirmfoto-2018-01-21-um-10.30.39-e1516527369231\"><img fetchpriority=\"high\" decoding=\"async\" class=\"preload-me owl-lazy-load aspect\" src=\"data:image\/svg+xml,%3Csvg%20xmlns%3D&#39;http%3A%2F%2Fwww.w3.org%2F2000%2Fsvg&#39;%20viewBox%3D&#39;0%200%20556%20417&#39;%2F%3E\" data-src=\"https:\/\/nostalgic-elion.185-178-193-234.plesk.page\/wp-content\/uploads\/2024\/07\/Bildschirmfoto-2018-01-21-um-10.30.39-e1516527369231-556x417.jpg\" data-srcset=\"https:\/\/nostalgic-elion.185-178-193-234.plesk.page\/wp-content\/uploads\/2024\/07\/Bildschirmfoto-2018-01-21-um-10.30.39-e1516527369231-556x417.jpg 556w\" loading=\"eager\" style=\"--ratio: 556 \/ 417\" sizes=\"(max-width: 556px) 100vw, 556px\" alt=\"\" width=\"556\" height=\"417\"  \/><span class=\"gallery-rollover\"><\/span><\/a><\/figure><\/div><div data-post-id=\"115\" data-date=\"2024-07-15T09:59:18+00:00\" data-name=\"Bildschirmfoto-2018-01-21-um-10.30.20-e1516527344996\"><figure class=\"post\"><a href=\"https:\/\/nostalgic-elion.185-178-193-234.plesk.page\/wp-content\/uploads\/2024\/07\/Bildschirmfoto-2018-01-21-um-10.30.20-e1516527344996.jpg\" class=\"rollover dt-pswp-item layzr-bg\" data-large_image_width=\"600\" data-large_image_height=\"418\" data-dt-img-description=\"\" title=\"Bildschirmfoto-2018-01-21-um-10.30.20-e1516527344996\"><img decoding=\"async\" class=\"preload-me owl-lazy-load aspect\" src=\"data:image\/svg+xml,%3Csvg%20xmlns%3D&#39;http%3A%2F%2Fwww.w3.org%2F2000%2Fsvg&#39;%20viewBox%3D&#39;0%200%20557%20418&#39;%2F%3E\" data-src=\"https:\/\/nostalgic-elion.185-178-193-234.plesk.page\/wp-content\/uploads\/2024\/07\/Bildschirmfoto-2018-01-21-um-10.30.20-e1516527344996-557x418.jpg\" data-srcset=\"https:\/\/nostalgic-elion.185-178-193-234.plesk.page\/wp-content\/uploads\/2024\/07\/Bildschirmfoto-2018-01-21-um-10.30.20-e1516527344996-557x418.jpg 557w\" loading=\"eager\" style=\"--ratio: 557 \/ 418\" sizes=\"(max-width: 557px) 100vw, 557px\" alt=\"\" width=\"557\" height=\"418\"  \/><span class=\"gallery-rollover\"><\/span><\/a><\/figure><\/div><div data-post-id=\"116\" data-date=\"2024-07-15T09:59:19+00:00\" data-name=\"Bildschirmfoto-2018-01-21-um-10.31.58 (1)\"><figure class=\"post\"><a href=\"https:\/\/nostalgic-elion.185-178-193-234.plesk.page\/wp-content\/uploads\/2024\/07\/Bildschirmfoto-2018-01-21-um-10.31.58-1.jpg\" class=\"rollover dt-pswp-item layzr-bg\" data-large_image_width=\"600\" data-large_image_height=\"400\" data-dt-img-description=\"\" title=\"Bildschirmfoto-2018-01-21-um-10.31.58 (1)\"><img decoding=\"async\" class=\"preload-me owl-lazy-load aspect\" src=\"data:image\/svg+xml,%3Csvg%20xmlns%3D&#39;http%3A%2F%2Fwww.w3.org%2F2000%2Fsvg&#39;%20viewBox%3D&#39;0%200%20533%20400&#39;%2F%3E\" data-src=\"https:\/\/nostalgic-elion.185-178-193-234.plesk.page\/wp-content\/uploads\/2024\/07\/Bildschirmfoto-2018-01-21-um-10.31.58-1-533x400.jpg\" data-srcset=\"https:\/\/nostalgic-elion.185-178-193-234.plesk.page\/wp-content\/uploads\/2024\/07\/Bildschirmfoto-2018-01-21-um-10.31.58-1-533x400.jpg 533w\" loading=\"eager\" style=\"--ratio: 533 \/ 400\" sizes=\"(max-width: 533px) 100vw, 533px\" alt=\"\" width=\"533\" height=\"400\"  \/><span class=\"gallery-rollover\"><\/span><\/a><\/figure><\/div><\/div>[\/vc_column][\/vc_row]<\/p>\n<\/div>","protected":false},"excerpt":{"rendered":"<p>[vc_row gap=&#8220;15&#8243; parallax_content=&#8220;parallax_content_value&#8220; ult_hide_row=&#8220;ult_hide_row_value&#8220; ult_hide_row_tablet=&#8220;Tablet&#8220; ult_hide_row_tablet_small=&#8220;xs_tablet&#8220; ult_hide_row_mobile=&#8220;mobil&#8220; ult_hide_row_mobile_large=&#8220;xl_mobile&#8220; css=&#8220;.vc_custom_1718886108666{padding-top: 50px !important;}&#8220;][vc_column offset=&#8220;vc_hidden-sm vc_hidden-xs&#8220;][vc_column_text css=&#8220;&#8220;] Schnell und einfach zur Qualit\u00e4tsschalung von J\u00f6rimann Bei unseren Schalungen f\u00fcr Tunnel-, Stollen-, Berg- und Schachtbau steht nicht nur die Funktionalit\u00e4t im Fokus sondern auch eine \u00fcberzeugende Qualit\u00e4t. Unsere Tunnelschalungen bieten, was sie versprechen: qualitativ hochwertige, standhafte Bauten und zufriedene Kunden.&hellip;<\/p>\n","protected":false},"author":1,"featured_media":0,"parent":0,"menu_order":0,"comment_status":"closed","ping_status":"open","template":"","meta":{"footnotes":""},"class_list":["post-113","page","type-page","status-publish","hentry","description-off"],"_links":{"self":[{"href":"https:\/\/nostalgic-elion.185-178-193-234.plesk.page\/index.php\/wp-json\/wp\/v2\/pages\/113","targetHints":{"allow":["GET"]}}],"collection":[{"href":"https:\/\/nostalgic-elion.185-178-193-234.plesk.page\/index.php\/wp-json\/wp\/v2\/pages"}],"about":[{"href":"https:\/\/nostalgic-elion.185-178-193-234.plesk.page\/index.php\/wp-json\/wp\/v2\/types\/page"}],"author":[{"embeddable":true,"href":"https:\/\/nostalgic-elion.185-178-193-234.plesk.page\/index.php\/wp-json\/wp\/v2\/users\/1"}],"replies":[{"embeddable":true,"href":"https:\/\/nostalgic-elion.185-178-193-234.plesk.page\/index.php\/wp-json\/wp\/v2\/comments?post=113"}],"version-history":[{"count":5,"href":"https:\/\/nostalgic-elion.185-178-193-234.plesk.page\/index.php\/wp-json\/wp\/v2\/pages\/113\/revisions"}],"predecessor-version":[{"id":722,"href":"https:\/\/nostalgic-elion.185-178-193-234.plesk.page\/index.php\/wp-json\/wp\/v2\/pages\/113\/revisions\/722"}],"wp:attachment":[{"href":"https:\/\/nostalgic-elion.185-178-193-234.plesk.page\/index.php\/wp-json\/wp\/v2\/media?parent=113"}],"curies":[{"name":"wp","href":"https:\/\/api.w.org\/{rel}","templated":true}]}}